{"id":104,"date":"2023-02-28T15:01:06","date_gmt":"2023-02-28T14:01:06","guid":{"rendered":"http:\/\/atelier-louis-do.fr\/atelierlhradmin\/?page_id=104"},"modified":"2023-03-02T19:12:47","modified_gmt":"2023-03-02T18:12:47","slug":"luminaire-et-coffret","status":"publish","type":"page","link":"https:\/\/atelier-louis-do.fr\/index.php\/luminaire-et-coffret\/","title":{"rendered":"Luminaire &#038; coffret"},"content":{"rendered":"\n<h2 class=\"has-text-align-center wp-block-heading\">Lampes en noyer gain\u00e9e galuchat<\/h2>\n\n\n\n<figure class=\"wp-block-image size-large\"><img loading=\"lazy\" decoding=\"async\" width=\"769\" height=\"1024\" src=\"http:\/\/atelier-louis-do.fr\/atelierlhradmin\/wp-content\/uploads\/2023\/02\/lampe-galuchat-bleue-1-769x1024.jpg\" alt=\"\" class=\"wp-image-107\" srcset=\"https:\/\/atelier-louis-do.fr\/wp-content\/uploads\/2023\/02\/lampe-galuchat-bleue-1-769x1024.jpg 769w, https:\/\/atelier-louis-do.fr\/wp-content\/uploads\/2023\/02\/lampe-galuchat-bleue-1-225x300.jpg 225w, https:\/\/atelier-louis-do.fr\/wp-content\/uploads\/2023\/02\/lampe-galuchat-bleue-1-768x1023.jpg 768w, https:\/\/atelier-louis-do.fr\/wp-content\/uploads\/2023\/02\/lampe-galuchat-bleue-1-1153x1536.jpg 1153w, https:\/\/atelier-louis-do.fr\/wp-content\/uploads\/2023\/02\/lampe-galuchat-bleue-1-1538x2048.jpg 1538w, https:\/\/atelier-louis-do.fr\/wp-content\/uploads\/2023\/02\/lampe-galuchat-bleue-1-scaled.jpg 1922w\" sizes=\"auto, (max-width: 767px) 89vw, (max-width: 1000px) 54vw, (max-width: 1071px) 543px, 580px\" \/><\/figure>\n\n\n\n<figure class=\"wp-block-gallery has-nested-images columns-default is-cropped wp-block-gallery-1 is-layout-flex wp-block-gallery-is-layout-flex\">\n<figure class=\"wp-block-image size-large\"><img loading=\"lazy\" decoding=\"async\" width=\"769\" height=\"1024\" data-id=\"121\" src=\"http:\/\/atelier-louis-do.fr\/atelierlhradmin\/wp-content\/uploads\/2023\/02\/lampe-galuchat-verte-4-769x1024.jpg\" alt=\"\" class=\"wp-image-121\" srcset=\"https:\/\/atelier-louis-do.fr\/wp-content\/uploads\/2023\/02\/lampe-galuchat-verte-4-769x1024.jpg 769w, https:\/\/atelier-louis-do.fr\/wp-content\/uploads\/2023\/02\/lampe-galuchat-verte-4-225x300.jpg 225w, https:\/\/atelier-louis-do.fr\/wp-content\/uploads\/2023\/02\/lampe-galuchat-verte-4-768x1023.jpg 768w, https:\/\/atelier-louis-do.fr\/wp-content\/uploads\/2023\/02\/lampe-galuchat-verte-4-1153x1536.jpg 1153w, https:\/\/atelier-louis-do.fr\/wp-content\/uploads\/2023\/02\/lampe-galuchat-verte-4-1538x2048.jpg 1538w, https:\/\/atelier-louis-do.fr\/wp-content\/uploads\/2023\/02\/lampe-galuchat-verte-4-scaled.jpg 1922w\" sizes=\"auto, (max-width: 767px) 89vw, (max-width: 1000px) 54vw, (max-width: 1071px) 543px, 580px\" \/><\/figure>\n\n\n\n<figure class=\"wp-block-image size-large\"><img loading=\"lazy\" decoding=\"async\" width=\"769\" height=\"1024\" data-id=\"123\" src=\"http:\/\/atelier-louis-do.fr\/atelierlhradmin\/wp-content\/uploads\/2023\/02\/lampe-galuchat-rouge-2-769x1024.jpg\" alt=\"\" class=\"wp-image-123\" srcset=\"https:\/\/atelier-louis-do.fr\/wp-content\/uploads\/2023\/02\/lampe-galuchat-rouge-2-769x1024.jpg 769w, https:\/\/atelier-louis-do.fr\/wp-content\/uploads\/2023\/02\/lampe-galuchat-rouge-2-225x300.jpg 225w, https:\/\/atelier-louis-do.fr\/wp-content\/uploads\/2023\/02\/lampe-galuchat-rouge-2-768x1023.jpg 768w, https:\/\/atelier-louis-do.fr\/wp-content\/uploads\/2023\/02\/lampe-galuchat-rouge-2-1153x1536.jpg 1153w, https:\/\/atelier-louis-do.fr\/wp-content\/uploads\/2023\/02\/lampe-galuchat-rouge-2-1538x2048.jpg 1538w, https:\/\/atelier-louis-do.fr\/wp-content\/uploads\/2023\/02\/lampe-galuchat-rouge-2-scaled.jpg 1922w\" sizes=\"auto, (max-width: 767px) 89vw, (max-width: 1000px) 54vw, (max-width: 1071px) 543px, 580px\" \/><\/figure>\n<\/figure>\n\n\n\n<h2 class=\"has-text-align-center wp-block-heading\">Lampe en \u00e9b\u00e8ne du Laos<\/h2>\n\n\n\n<figure class=\"wp-block-image size-large\"><img loading=\"lazy\" decoding=\"async\" width=\"769\" height=\"1024\" src=\"http:\/\/atelier-louis-do.fr\/atelierlhradmin\/wp-content\/uploads\/2023\/02\/lampe-colonne-1-769x1024.jpg\" alt=\"\" class=\"wp-image-109\" srcset=\"https:\/\/atelier-louis-do.fr\/wp-content\/uploads\/2023\/02\/lampe-colonne-1-769x1024.jpg 769w, https:\/\/atelier-louis-do.fr\/wp-content\/uploads\/2023\/02\/lampe-colonne-1-225x300.jpg 225w, https:\/\/atelier-louis-do.fr\/wp-content\/uploads\/2023\/02\/lampe-colonne-1-768x1023.jpg 768w, https:\/\/atelier-louis-do.fr\/wp-content\/uploads\/2023\/02\/lampe-colonne-1-1153x1536.jpg 1153w, https:\/\/atelier-louis-do.fr\/wp-content\/uploads\/2023\/02\/lampe-colonne-1-1538x2048.jpg 1538w, https:\/\/atelier-louis-do.fr\/wp-content\/uploads\/2023\/02\/lampe-colonne-1-scaled.jpg 1922w\" sizes=\"auto, (max-width: 767px) 89vw, (max-width: 1000px) 54vw, (max-width: 1071px) 543px, 580px\" \/><\/figure>\n\n\n\n<h2 class=\"has-text-align-center wp-block-heading\">Lampe octogonale en palissandre<\/h2>\n\n\n\n<figure class=\"wp-block-image size-full\"><img loading=\"lazy\" decoding=\"async\" width=\"769\" height=\"1024\" src=\"http:\/\/atelier-louis-do.fr\/atelierlhradmin\/wp-content\/uploads\/2023\/03\/lampe-octogonepalissandre-769x1024-1.jpg\" alt=\"\" class=\"wp-image-406\" srcset=\"https:\/\/atelier-louis-do.fr\/wp-content\/uploads\/2023\/03\/lampe-octogonepalissandre-769x1024-1.jpg 769w, https:\/\/atelier-louis-do.fr\/wp-content\/uploads\/2023\/03\/lampe-octogonepalissandre-769x1024-1-225x300.jpg 225w\" sizes=\"auto, (max-width: 767px) 89vw, (max-width: 1000px) 54vw, (max-width: 1071px) 543px, 580px\" \/><\/figure>\n\n\n\n<h2 class=\"has-text-align-center wp-block-heading\">Coffret de montre num\u00e9rot\u00e9 en noyer<\/h2>\n\n\n\n<figure class=\"wp-block-gallery has-nested-images columns-default is-cropped wp-block-gallery-2 is-layout-flex wp-block-gallery-is-layout-flex\">\n<figure class=\"wp-block-image size-large\"><img loading=\"lazy\" decoding=\"async\" width=\"1024\" height=\"769\" data-id=\"114\" src=\"http:\/\/atelier-louis-do.fr\/atelierlhradmin\/wp-content\/uploads\/2023\/02\/P1000770-1-1024x769.jpg\" alt=\"\" class=\"wp-image-114\" srcset=\"https:\/\/atelier-louis-do.fr\/wp-content\/uploads\/2023\/02\/P1000770-1-1024x769.jpg 1024w, https:\/\/atelier-louis-do.fr\/wp-content\/uploads\/2023\/02\/P1000770-1-300x225.jpg 300w, https:\/\/atelier-louis-do.fr\/wp-content\/uploads\/2023\/02\/P1000770-1-768x577.jpg 768w, https:\/\/atelier-louis-do.fr\/wp-content\/uploads\/2023\/02\/P1000770-1-1536x1153.jpg 1536w, https:\/\/atelier-louis-do.fr\/wp-content\/uploads\/2023\/02\/P1000770-1-2048x1538.jpg 2048w\" sizes=\"auto, (max-width: 767px) 89vw, (max-width: 1000px) 54vw, (max-width: 1071px) 543px, 580px\" \/><\/figure>\n\n\n\n<figure class=\"wp-block-image size-large\"><img loading=\"lazy\" decoding=\"async\" width=\"1024\" height=\"769\" data-id=\"112\" src=\"http:\/\/atelier-louis-do.fr\/atelierlhradmin\/wp-content\/uploads\/2023\/02\/P1000767-1024x769.jpg\" alt=\"\" class=\"wp-image-112\" srcset=\"https:\/\/atelier-louis-do.fr\/wp-content\/uploads\/2023\/02\/P1000767-1024x769.jpg 1024w, https:\/\/atelier-louis-do.fr\/wp-content\/uploads\/2023\/02\/P1000767-300x225.jpg 300w, https:\/\/atelier-louis-do.fr\/wp-content\/uploads\/2023\/02\/P1000767-768x577.jpg 768w, https:\/\/atelier-louis-do.fr\/wp-content\/uploads\/2023\/02\/P1000767-1536x1153.jpg 1536w, https:\/\/atelier-louis-do.fr\/wp-content\/uploads\/2023\/02\/P1000767-2048x1538.jpg 2048w\" sizes=\"auto, (max-width: 767px) 89vw, (max-width: 1000px) 54vw, (max-width: 1071px) 543px, 580px\" \/><\/figure>\n\n\n\n<figure class=\"wp-block-image size-large\"><img loading=\"lazy\" decoding=\"async\" width=\"1024\" height=\"769\" data-id=\"113\" src=\"http:\/\/atelier-louis-do.fr\/atelierlhradmin\/wp-content\/uploads\/2023\/02\/P1000764-1024x769.jpg\" alt=\"\" class=\"wp-image-113\" srcset=\"https:\/\/atelier-louis-do.fr\/wp-content\/uploads\/2023\/02\/P1000764-1024x769.jpg 1024w, https:\/\/atelier-louis-do.fr\/wp-content\/uploads\/2023\/02\/P1000764-300x225.jpg 300w, https:\/\/atelier-louis-do.fr\/wp-content\/uploads\/2023\/02\/P1000764-768x577.jpg 768w, https:\/\/atelier-louis-do.fr\/wp-content\/uploads\/2023\/02\/P1000764-1536x1153.jpg 1536w, https:\/\/atelier-louis-do.fr\/wp-content\/uploads\/2023\/02\/P1000764-2048x1538.jpg 2048w\" sizes=\"auto, (max-width: 767px) 89vw, (max-width: 1000px) 54vw, (max-width: 1071px) 543px, 580px\" \/><\/figure>\n<\/figure>\n\n\n\n<figure class=\"wp-block-image size-large\"><img loading=\"lazy\" decoding=\"async\" width=\"1024\" height=\"769\" src=\"http:\/\/atelier-louis-do.fr\/atelierlhradmin\/wp-content\/uploads\/2023\/02\/P1000782-1024x769.jpg\" alt=\"\" class=\"wp-image-110\" srcset=\"https:\/\/atelier-louis-do.fr\/wp-content\/uploads\/2023\/02\/P1000782-1024x769.jpg 1024w, https:\/\/atelier-louis-do.fr\/wp-content\/uploads\/2023\/02\/P1000782-300x225.jpg 300w, https:\/\/atelier-louis-do.fr\/wp-content\/uploads\/2023\/02\/P1000782-768x577.jpg 768w, https:\/\/atelier-louis-do.fr\/wp-content\/uploads\/2023\/02\/P1000782-1536x1153.jpg 1536w, https:\/\/atelier-louis-do.fr\/wp-content\/uploads\/2023\/02\/P1000782-2048x1538.jpg 2048w\" sizes=\"auto, (max-width: 767px) 89vw, (max-width: 1000px) 54vw, (max-width: 1071px) 543px, 580px\" \/><\/figure>\n\n\n\n<p class=\"has-text-align-center\"><\/p>\n\n\n\n<h2 class=\"has-text-align-center wp-block-heading\">Plateau placage bois de violette et noyer \u00e9bonis\u00e9<\/h2>\n\n\n\n<figure class=\"wp-block-gallery has-nested-images columns-default is-cropped wp-block-gallery-3 is-layout-flex wp-block-gallery-is-layout-flex\">\n<figure class=\"wp-block-image size-large\"><img loading=\"lazy\" decoding=\"async\" width=\"1024\" height=\"768\" data-id=\"206\" src=\"http:\/\/atelier-louis-do.fr\/atelierlhradmin\/wp-content\/uploads\/2023\/03\/plateau-placage-bois-de-violette-1024x768.jpg\" alt=\"\" class=\"wp-image-206\" srcset=\"https:\/\/atelier-louis-do.fr\/wp-content\/uploads\/2023\/03\/plateau-placage-bois-de-violette-1024x768.jpg 1024w, https:\/\/atelier-louis-do.fr\/wp-content\/uploads\/2023\/03\/plateau-placage-bois-de-violette-300x225.jpg 300w, https:\/\/atelier-louis-do.fr\/wp-content\/uploads\/2023\/03\/plateau-placage-bois-de-violette-768x576.jpg 768w, https:\/\/atelier-louis-do.fr\/wp-content\/uploads\/2023\/03\/plateau-placage-bois-de-violette-1536x1152.jpg 1536w, https:\/\/atelier-louis-do.fr\/wp-content\/uploads\/2023\/03\/plateau-placage-bois-de-violette-2048x1536.jpg 2048w\" sizes=\"auto, (max-width: 767px) 89vw, (max-width: 1000px) 54vw, (max-width: 1071px) 543px, 580px\" \/><\/figure>\n<\/figure>\n","protected":false},"excerpt":{"rendered":"<p>Lampes en noyer gain\u00e9e galuchat Lampe en \u00e9b\u00e8ne du Laos Lampe octogonale en palissandre Coffret de montre num\u00e9rot\u00e9 en noyer Plateau placage bois de violette et noyer \u00e9bonis\u00e9<\/p>\n","protected":false},"author":1,"featured_media":221,"parent":0,"menu_order":0,"comment_status":"closed","ping_status":"closed","template":"","meta":{"footnotes":""},"class_list":["post-104","page","type-page","status-publish","has-post-thumbnail","hentry"],"_links":{"self":[{"href":"https:\/\/atelier-louis-do.fr\/index.php\/wp-json\/wp\/v2\/pages\/104","targetHints":{"allow":["GET"]}}],"collection":[{"href":"https:\/\/atelier-louis-do.fr\/index.php\/wp-json\/wp\/v2\/pages"}],"about":[{"href":"https:\/\/atelier-louis-do.fr\/index.php\/wp-json\/wp\/v2\/types\/page"}],"author":[{"embeddable":true,"href":"https:\/\/atelier-louis-do.fr\/index.php\/wp-json\/wp\/v2\/users\/1"}],"replies":[{"embeddable":true,"href":"https:\/\/atelier-louis-do.fr\/index.php\/wp-json\/wp\/v2\/comments?post=104"}],"version-history":[{"count":7,"href":"https:\/\/atelier-louis-do.fr\/index.php\/wp-json\/wp\/v2\/pages\/104\/revisions"}],"predecessor-version":[{"id":408,"href":"https:\/\/atelier-louis-do.fr\/index.php\/wp-json\/wp\/v2\/pages\/104\/revisions\/408"}],"wp:featuredmedia":[{"embeddable":true,"href":"https:\/\/atelier-louis-do.fr\/index.php\/wp-json\/wp\/v2\/media\/221"}],"wp:attachment":[{"href":"https:\/\/atelier-louis-do.fr\/index.php\/wp-json\/wp\/v2\/media?parent=104"}],"curies":[{"name":"wp","href":"https:\/\/api.w.org\/{rel}","templated":true}]}}