{"id":131,"date":"2023-02-28T15:40:40","date_gmt":"2023-02-28T14:40:40","guid":{"rendered":"http:\/\/atelier-louis-do.fr\/atelierlhradmin\/?page_id=131"},"modified":"2023-03-02T19:10:41","modified_gmt":"2023-03-02T18:10:41","slug":"agencement","status":"publish","type":"page","link":"https:\/\/atelier-louis-do.fr\/index.php\/agencement\/","title":{"rendered":"Agencement"},"content":{"rendered":"\n<h2 class=\"has-text-align-center wp-block-heading\">Mur d&rsquo;agencement en ch\u00eane-laque &amp; porte-manteau<\/h2>\n\n\n\n<figure class=\"wp-block-gallery has-nested-images columns-default is-cropped wp-block-gallery-1 is-layout-flex wp-block-gallery-is-layout-flex\">\n<figure class=\"wp-block-image size-large\"><img loading=\"lazy\" decoding=\"async\" width=\"768\" height=\"1024\" data-id=\"133\" src=\"http:\/\/atelier-louis-do.fr\/atelierlhradmin\/wp-content\/uploads\/2023\/02\/IMG_6670-1-768x1024.jpg\" alt=\"\" class=\"wp-image-133\" srcset=\"https:\/\/atelier-louis-do.fr\/wp-content\/uploads\/2023\/02\/IMG_6670-1-768x1024.jpg 768w, https:\/\/atelier-louis-do.fr\/wp-content\/uploads\/2023\/02\/IMG_6670-1-225x300.jpg 225w, https:\/\/atelier-louis-do.fr\/wp-content\/uploads\/2023\/02\/IMG_6670-1-1152x1536.jpg 1152w, https:\/\/atelier-louis-do.fr\/wp-content\/uploads\/2023\/02\/IMG_6670-1-1536x2048.jpg 1536w, https:\/\/atelier-louis-do.fr\/wp-content\/uploads\/2023\/02\/IMG_6670-1-scaled.jpg 1920w\" sizes=\"auto, (max-width: 767px) 89vw, (max-width: 1000px) 54vw, (max-width: 1071px) 543px, 580px\" \/><\/figure>\n\n\n\n<figure class=\"wp-block-image size-large\"><img loading=\"lazy\" decoding=\"async\" width=\"768\" height=\"1024\" data-id=\"132\" src=\"http:\/\/atelier-louis-do.fr\/atelierlhradmin\/wp-content\/uploads\/2023\/02\/IMG_6667-1-768x1024.jpg\" alt=\"\" class=\"wp-image-132\" srcset=\"https:\/\/atelier-louis-do.fr\/wp-content\/uploads\/2023\/02\/IMG_6667-1-768x1024.jpg 768w, https:\/\/atelier-louis-do.fr\/wp-content\/uploads\/2023\/02\/IMG_6667-1-225x300.jpg 225w, https:\/\/atelier-louis-do.fr\/wp-content\/uploads\/2023\/02\/IMG_6667-1-1152x1536.jpg 1152w, https:\/\/atelier-louis-do.fr\/wp-content\/uploads\/2023\/02\/IMG_6667-1-1536x2048.jpg 1536w, https:\/\/atelier-louis-do.fr\/wp-content\/uploads\/2023\/02\/IMG_6667-1-scaled.jpg 1920w\" sizes=\"auto, (max-width: 767px) 89vw, (max-width: 1000px) 54vw, (max-width: 1071px) 543px, 580px\" \/><\/figure>\n<\/figure>\n\n\n\n<h2 class=\"has-text-align-center wp-block-heading\">Dressing sous escalier plaqu\u00e9 ch\u00eane<\/h2>\n\n\n\n<figure class=\"wp-block-gallery has-nested-images columns-default is-cropped wp-block-gallery-2 is-layout-flex wp-block-gallery-is-layout-flex\">\n<figure class=\"wp-block-image size-large\"><img loading=\"lazy\" decoding=\"async\" width=\"768\" height=\"1024\" data-id=\"137\" src=\"http:\/\/atelier-louis-do.fr\/atelierlhradmin\/wp-content\/uploads\/2023\/02\/agencement-sous-escalier-vanssay-768x1024.jpg\" alt=\"\" class=\"wp-image-137\" srcset=\"https:\/\/atelier-louis-do.fr\/wp-content\/uploads\/2023\/02\/agencement-sous-escalier-vanssay-768x1024.jpg 768w, https:\/\/atelier-louis-do.fr\/wp-content\/uploads\/2023\/02\/agencement-sous-escalier-vanssay-225x300.jpg 225w, https:\/\/atelier-louis-do.fr\/wp-content\/uploads\/2023\/02\/agencement-sous-escalier-vanssay-1152x1536.jpg 1152w, https:\/\/atelier-louis-do.fr\/wp-content\/uploads\/2023\/02\/agencement-sous-escalier-vanssay-1536x2048.jpg 1536w, https:\/\/atelier-louis-do.fr\/wp-content\/uploads\/2023\/02\/agencement-sous-escalier-vanssay-scaled.jpg 1920w\" sizes=\"auto, (max-width: 767px) 89vw, (max-width: 1000px) 54vw, (max-width: 1071px) 543px, 580px\" \/><\/figure>\n\n\n\n<figure class=\"wp-block-image size-large\"><img loading=\"lazy\" decoding=\"async\" width=\"768\" height=\"1024\" data-id=\"136\" src=\"http:\/\/atelier-louis-do.fr\/atelierlhradmin\/wp-content\/uploads\/2023\/02\/agencement-sous-escalier-2-vanssay--768x1024.jpg\" alt=\"\" class=\"wp-image-136\" srcset=\"https:\/\/atelier-louis-do.fr\/wp-content\/uploads\/2023\/02\/agencement-sous-escalier-2-vanssay--768x1024.jpg 768w, https:\/\/atelier-louis-do.fr\/wp-content\/uploads\/2023\/02\/agencement-sous-escalier-2-vanssay--225x300.jpg 225w, https:\/\/atelier-louis-do.fr\/wp-content\/uploads\/2023\/02\/agencement-sous-escalier-2-vanssay--1152x1536.jpg 1152w, https:\/\/atelier-louis-do.fr\/wp-content\/uploads\/2023\/02\/agencement-sous-escalier-2-vanssay--1536x2048.jpg 1536w, https:\/\/atelier-louis-do.fr\/wp-content\/uploads\/2023\/02\/agencement-sous-escalier-2-vanssay--scaled.jpg 1920w\" sizes=\"auto, (max-width: 767px) 89vw, (max-width: 1000px) 54vw, (max-width: 1071px) 543px, 580px\" \/><\/figure>\n<\/figure>\n\n\n\n<h2 class=\"has-text-align-center wp-block-heading\">Am\u00e9nagement int\u00e9rieur d&rsquo;une entr\u00e9e, ch\u00eane et stratifi\u00e9<\/h2>\n\n\n\n<figure class=\"wp-block-gallery has-nested-images columns-default is-cropped wp-block-gallery-3 is-layout-flex wp-block-gallery-is-layout-flex\">\n<figure class=\"wp-block-image size-large\"><img loading=\"lazy\" decoding=\"async\" width=\"768\" height=\"1024\" data-id=\"140\" src=\"http:\/\/atelier-louis-do.fr\/atelierlhradmin\/wp-content\/uploads\/2023\/02\/IMG_7604-768x1024.jpg\" alt=\"\" class=\"wp-image-140\" srcset=\"https:\/\/atelier-louis-do.fr\/wp-content\/uploads\/2023\/02\/IMG_7604-768x1024.jpg 768w, https:\/\/atelier-louis-do.fr\/wp-content\/uploads\/2023\/02\/IMG_7604-225x300.jpg 225w, https:\/\/atelier-louis-do.fr\/wp-content\/uploads\/2023\/02\/IMG_7604-1152x1536.jpg 1152w, https:\/\/atelier-louis-do.fr\/wp-content\/uploads\/2023\/02\/IMG_7604-1536x2048.jpg 1536w, https:\/\/atelier-louis-do.fr\/wp-content\/uploads\/2023\/02\/IMG_7604-scaled.jpg 1920w\" sizes=\"auto, (max-width: 767px) 89vw, (max-width: 1000px) 54vw, (max-width: 1071px) 543px, 580px\" \/><\/figure>\n\n\n\n<figure class=\"wp-block-image size-large\"><img loading=\"lazy\" decoding=\"async\" width=\"768\" height=\"1024\" data-id=\"139\" src=\"http:\/\/atelier-louis-do.fr\/atelierlhradmin\/wp-content\/uploads\/2023\/02\/IMG_7603-768x1024.jpg\" alt=\"\" class=\"wp-image-139\" srcset=\"https:\/\/atelier-louis-do.fr\/wp-content\/uploads\/2023\/02\/IMG_7603-768x1024.jpg 768w, https:\/\/atelier-louis-do.fr\/wp-content\/uploads\/2023\/02\/IMG_7603-225x300.jpg 225w, https:\/\/atelier-louis-do.fr\/wp-content\/uploads\/2023\/02\/IMG_7603-1152x1536.jpg 1152w, https:\/\/atelier-louis-do.fr\/wp-content\/uploads\/2023\/02\/IMG_7603-1536x2048.jpg 1536w, https:\/\/atelier-louis-do.fr\/wp-content\/uploads\/2023\/02\/IMG_7603-scaled.jpg 1920w\" sizes=\"auto, (max-width: 767px) 89vw, (max-width: 1000px) 54vw, (max-width: 1071px) 543px, 580px\" \/><\/figure>\n\n\n\n<figure class=\"wp-block-image size-large\"><img loading=\"lazy\" decoding=\"async\" width=\"768\" height=\"1024\" data-id=\"142\" src=\"http:\/\/atelier-louis-do.fr\/atelierlhradmin\/wp-content\/uploads\/2023\/02\/IMG_7601-1-768x1024.jpg\" alt=\"\" class=\"wp-image-142\" srcset=\"https:\/\/atelier-louis-do.fr\/wp-content\/uploads\/2023\/02\/IMG_7601-1-768x1024.jpg 768w, https:\/\/atelier-louis-do.fr\/wp-content\/uploads\/2023\/02\/IMG_7601-1-225x300.jpg 225w, https:\/\/atelier-louis-do.fr\/wp-content\/uploads\/2023\/02\/IMG_7601-1-1152x1536.jpg 1152w, https:\/\/atelier-louis-do.fr\/wp-content\/uploads\/2023\/02\/IMG_7601-1-1536x2048.jpg 1536w, https:\/\/atelier-louis-do.fr\/wp-content\/uploads\/2023\/02\/IMG_7601-1-scaled.jpg 1920w\" sizes=\"auto, (max-width: 767px) 89vw, (max-width: 1000px) 54vw, (max-width: 1071px) 543px, 580px\" \/><\/figure>\n<\/figure>\n\n\n\n<p><\/p>\n\n\n\n<h2 class=\"has-text-align-center wp-block-heading\">Mur en vieux bois<\/h2>\n\n\n\n<figure class=\"wp-block-gallery has-nested-images columns-default is-cropped wp-block-gallery-4 is-layout-flex wp-block-gallery-is-layout-flex\">\n<figure class=\"wp-block-image size-large\"><img loading=\"lazy\" decoding=\"async\" width=\"768\" height=\"1024\" data-id=\"269\" src=\"http:\/\/atelier-louis-do.fr\/atelierlhradmin\/wp-content\/uploads\/2023\/03\/mur-de-bois3-768x1024.jpg\" alt=\"\" class=\"wp-image-269\" srcset=\"https:\/\/atelier-louis-do.fr\/wp-content\/uploads\/2023\/03\/mur-de-bois3-768x1024.jpg 768w, https:\/\/atelier-louis-do.fr\/wp-content\/uploads\/2023\/03\/mur-de-bois3-225x300.jpg 225w, https:\/\/atelier-louis-do.fr\/wp-content\/uploads\/2023\/03\/mur-de-bois3-1152x1536.jpg 1152w, https:\/\/atelier-louis-do.fr\/wp-content\/uploads\/2023\/03\/mur-de-bois3-1536x2048.jpg 1536w, https:\/\/atelier-louis-do.fr\/wp-content\/uploads\/2023\/03\/mur-de-bois3-scaled.jpg 1920w\" sizes=\"auto, (max-width: 767px) 89vw, (max-width: 1000px) 54vw, (max-width: 1071px) 543px, 580px\" \/><\/figure>\n\n\n\n<figure class=\"wp-block-image size-large\"><img loading=\"lazy\" decoding=\"async\" width=\"1024\" height=\"768\" data-id=\"144\" src=\"http:\/\/atelier-louis-do.fr\/atelierlhradmin\/wp-content\/uploads\/2023\/02\/mur-vieux-bois--1024x768.jpg\" alt=\"\" class=\"wp-image-144\" srcset=\"https:\/\/atelier-louis-do.fr\/wp-content\/uploads\/2023\/02\/mur-vieux-bois--1024x768.jpg 1024w, https:\/\/atelier-louis-do.fr\/wp-content\/uploads\/2023\/02\/mur-vieux-bois--300x225.jpg 300w, https:\/\/atelier-louis-do.fr\/wp-content\/uploads\/2023\/02\/mur-vieux-bois--768x576.jpg 768w, https:\/\/atelier-louis-do.fr\/wp-content\/uploads\/2023\/02\/mur-vieux-bois--1536x1152.jpg 1536w, https:\/\/atelier-louis-do.fr\/wp-content\/uploads\/2023\/02\/mur-vieux-bois--2048x1536.jpg 2048w\" sizes=\"auto, (max-width: 767px) 89vw, (max-width: 1000px) 54vw, (max-width: 1071px) 543px, 580px\" \/><\/figure>\n<\/figure>\n\n\n\n<h2 class=\"has-text-align-center wp-block-heading\">Consoles vieux bois m\u00e9tal pour salon de coiffure<\/h2>\n\n\n\n<figure class=\"wp-block-gallery has-nested-images columns-default is-cropped wp-block-gallery-5 is-layout-flex wp-block-gallery-is-layout-flex\">\n<figure class=\"wp-block-image size-large\"><img loading=\"lazy\" decoding=\"async\" width=\"765\" height=\"1024\" data-id=\"222\" src=\"http:\/\/atelier-louis-do.fr\/atelierlhradmin\/wp-content\/uploads\/2023\/03\/IMG_3332-765x1024.jpg\" alt=\"\" class=\"wp-image-222\" srcset=\"https:\/\/atelier-louis-do.fr\/wp-content\/uploads\/2023\/03\/IMG_3332-765x1024.jpg 765w, https:\/\/atelier-louis-do.fr\/wp-content\/uploads\/2023\/03\/IMG_3332-224x300.jpg 224w, https:\/\/atelier-louis-do.fr\/wp-content\/uploads\/2023\/03\/IMG_3332-768x1028.jpg 768w, https:\/\/atelier-louis-do.fr\/wp-content\/uploads\/2023\/03\/IMG_3332-1147x1536.jpg 1147w, https:\/\/atelier-louis-do.fr\/wp-content\/uploads\/2023\/03\/IMG_3332-1530x2048.jpg 1530w, https:\/\/atelier-louis-do.fr\/wp-content\/uploads\/2023\/03\/IMG_3332-scaled.jpg 1912w\" sizes=\"auto, (max-width: 706px) 89vw, (max-width: 767px) 82vw, 740px\" \/><\/figure>\n\n\n\n<figure class=\"wp-block-image size-large\"><img loading=\"lazy\" decoding=\"async\" width=\"1024\" height=\"765\" data-id=\"377\" src=\"http:\/\/atelier-louis-do.fr\/atelierlhradmin\/wp-content\/uploads\/2023\/03\/console-vieux-bois-salon-de-coiffure1-2-1024x765.jpg\" alt=\"\" class=\"wp-image-377\" srcset=\"https:\/\/atelier-louis-do.fr\/wp-content\/uploads\/2023\/03\/console-vieux-bois-salon-de-coiffure1-2-1024x765.jpg 1024w, https:\/\/atelier-louis-do.fr\/wp-content\/uploads\/2023\/03\/console-vieux-bois-salon-de-coiffure1-2-300x224.jpg 300w, https:\/\/atelier-louis-do.fr\/wp-content\/uploads\/2023\/03\/console-vieux-bois-salon-de-coiffure1-2-768x574.jpg 768w, https:\/\/atelier-louis-do.fr\/wp-content\/uploads\/2023\/03\/console-vieux-bois-salon-de-coiffure1-2-1536x1147.jpg 1536w, https:\/\/atelier-louis-do.fr\/wp-content\/uploads\/2023\/03\/console-vieux-bois-salon-de-coiffure1-2-2048x1530.jpg 2048w\" sizes=\"auto, (max-width: 767px) 89vw, (max-width: 1000px) 54vw, (max-width: 1071px) 543px, 580px\" \/><\/figure>\n\n\n\n<figure class=\"wp-block-image size-large\"><img loading=\"lazy\" decoding=\"async\" width=\"1024\" height=\"765\" data-id=\"378\" src=\"http:\/\/atelier-louis-do.fr\/atelierlhradmin\/wp-content\/uploads\/2023\/03\/console-vieux-bois-salon-de-coiffure2-2-1024x765.jpg\" alt=\"\" class=\"wp-image-378\" srcset=\"https:\/\/atelier-louis-do.fr\/wp-content\/uploads\/2023\/03\/console-vieux-bois-salon-de-coiffure2-2-1024x765.jpg 1024w, https:\/\/atelier-louis-do.fr\/wp-content\/uploads\/2023\/03\/console-vieux-bois-salon-de-coiffure2-2-300x224.jpg 300w, https:\/\/atelier-louis-do.fr\/wp-content\/uploads\/2023\/03\/console-vieux-bois-salon-de-coiffure2-2-768x574.jpg 768w, https:\/\/atelier-louis-do.fr\/wp-content\/uploads\/2023\/03\/console-vieux-bois-salon-de-coiffure2-2-1536x1147.jpg 1536w, https:\/\/atelier-louis-do.fr\/wp-content\/uploads\/2023\/03\/console-vieux-bois-salon-de-coiffure2-2-2048x1530.jpg 2048w\" sizes=\"auto, (max-width: 767px) 89vw, (max-width: 1000px) 54vw, (max-width: 1071px) 543px, 580px\" \/><\/figure>\n\n\n\n<figure class=\"wp-block-image size-large\"><img loading=\"lazy\" decoding=\"async\" width=\"1024\" height=\"765\" data-id=\"379\" src=\"http:\/\/atelier-louis-do.fr\/atelierlhradmin\/wp-content\/uploads\/2023\/03\/console-bois-metal-2-1024x765.jpg\" alt=\"\" class=\"wp-image-379\" srcset=\"https:\/\/atelier-louis-do.fr\/wp-content\/uploads\/2023\/03\/console-bois-metal-2-1024x765.jpg 1024w, https:\/\/atelier-louis-do.fr\/wp-content\/uploads\/2023\/03\/console-bois-metal-2-300x224.jpg 300w, https:\/\/atelier-louis-do.fr\/wp-content\/uploads\/2023\/03\/console-bois-metal-2-768x574.jpg 768w, https:\/\/atelier-louis-do.fr\/wp-content\/uploads\/2023\/03\/console-bois-metal-2-1536x1147.jpg 1536w, https:\/\/atelier-louis-do.fr\/wp-content\/uploads\/2023\/03\/console-bois-metal-2-2048x1530.jpg 2048w\" sizes=\"auto, (max-width: 767px) 89vw, (max-width: 1000px) 54vw, (max-width: 1071px) 543px, 580px\" \/><\/figure>\n<\/figure>\n\n\n\n<h2 class=\"has-text-align-center wp-block-heading\">Meuble de salle de bain <\/h2>\n\n\n\n<figure class=\"wp-block-gallery has-nested-images columns-default is-cropped wp-block-gallery-6 is-layout-flex wp-block-gallery-is-layout-flex\">\n<figure class=\"wp-block-image size-large\"><img loading=\"lazy\" decoding=\"async\" width=\"765\" height=\"1024\" data-id=\"271\" src=\"http:\/\/atelier-louis-do.fr\/atelierlhradmin\/wp-content\/uploads\/2023\/03\/meuble-salle-de-bain-2-impasse-765x1024.jpg\" alt=\"\" class=\"wp-image-271\" srcset=\"https:\/\/atelier-louis-do.fr\/wp-content\/uploads\/2023\/03\/meuble-salle-de-bain-2-impasse-765x1024.jpg 765w, https:\/\/atelier-louis-do.fr\/wp-content\/uploads\/2023\/03\/meuble-salle-de-bain-2-impasse-224x300.jpg 224w, https:\/\/atelier-louis-do.fr\/wp-content\/uploads\/2023\/03\/meuble-salle-de-bain-2-impasse-768x1028.jpg 768w, https:\/\/atelier-louis-do.fr\/wp-content\/uploads\/2023\/03\/meuble-salle-de-bain-2-impasse-1147x1536.jpg 1147w, https:\/\/atelier-louis-do.fr\/wp-content\/uploads\/2023\/03\/meuble-salle-de-bain-2-impasse-1530x2048.jpg 1530w, https:\/\/atelier-louis-do.fr\/wp-content\/uploads\/2023\/03\/meuble-salle-de-bain-2-impasse-scaled.jpg 1912w\" sizes=\"auto, (max-width: 706px) 89vw, (max-width: 767px) 82vw, 740px\" \/><\/figure>\n\n\n\n<figure class=\"wp-block-image size-large\"><img loading=\"lazy\" decoding=\"async\" width=\"1024\" height=\"765\" data-id=\"272\" src=\"http:\/\/atelier-louis-do.fr\/atelierlhradmin\/wp-content\/uploads\/2023\/03\/IMG_2970-1024x765.jpg\" alt=\"\" class=\"wp-image-272\" srcset=\"https:\/\/atelier-louis-do.fr\/wp-content\/uploads\/2023\/03\/IMG_2970-1024x765.jpg 1024w, https:\/\/atelier-louis-do.fr\/wp-content\/uploads\/2023\/03\/IMG_2970-300x224.jpg 300w, https:\/\/atelier-louis-do.fr\/wp-content\/uploads\/2023\/03\/IMG_2970-768x574.jpg 768w, https:\/\/atelier-louis-do.fr\/wp-content\/uploads\/2023\/03\/IMG_2970-1536x1147.jpg 1536w, https:\/\/atelier-louis-do.fr\/wp-content\/uploads\/2023\/03\/IMG_2970-2048x1530.jpg 2048w\" sizes=\"auto, (max-width: 767px) 89vw, (max-width: 1000px) 54vw, (max-width: 1071px) 543px, 580px\" \/><\/figure>\n\n\n\n<figure class=\"wp-block-image size-large\"><img loading=\"lazy\" decoding=\"async\" width=\"765\" height=\"1024\" data-id=\"228\" src=\"http:\/\/atelier-louis-do.fr\/atelierlhradmin\/wp-content\/uploads\/2023\/03\/IMG_2972-765x1024.jpg\" alt=\"\" class=\"wp-image-228\" srcset=\"https:\/\/atelier-louis-do.fr\/wp-content\/uploads\/2023\/03\/IMG_2972-765x1024.jpg 765w, https:\/\/atelier-louis-do.fr\/wp-content\/uploads\/2023\/03\/IMG_2972-224x300.jpg 224w, https:\/\/atelier-louis-do.fr\/wp-content\/uploads\/2023\/03\/IMG_2972-768x1028.jpg 768w, https:\/\/atelier-louis-do.fr\/wp-content\/uploads\/2023\/03\/IMG_2972-1147x1536.jpg 1147w, https:\/\/atelier-louis-do.fr\/wp-content\/uploads\/2023\/03\/IMG_2972-1530x2048.jpg 1530w, https:\/\/atelier-louis-do.fr\/wp-content\/uploads\/2023\/03\/IMG_2972-scaled.jpg 1912w\" sizes=\"auto, (max-width: 706px) 89vw, (max-width: 767px) 82vw, 740px\" \/><\/figure>\n<\/figure>\n\n\n\n<h2 class=\"has-text-align-center wp-block-heading\">Cr\u00e9ation de grilles d&rsquo;a\u00e9ration en ch\u00eane pour Glacier<\/h2>\n\n\n\n<figure class=\"wp-block-gallery has-nested-images columns-default is-cropped wp-block-gallery-7 is-layout-flex wp-block-gallery-is-layout-flex\">\n<figure class=\"wp-block-image size-large\"><img loading=\"lazy\" decoding=\"async\" width=\"1024\" height=\"768\" data-id=\"233\" src=\"http:\/\/atelier-louis-do.fr\/atelierlhradmin\/wp-content\/uploads\/2023\/03\/IMG_0041-1024x768.jpg\" alt=\"\" class=\"wp-image-233\" srcset=\"https:\/\/atelier-louis-do.fr\/wp-content\/uploads\/2023\/03\/IMG_0041-1024x768.jpg 1024w, https:\/\/atelier-louis-do.fr\/wp-content\/uploads\/2023\/03\/IMG_0041-300x225.jpg 300w, https:\/\/atelier-louis-do.fr\/wp-content\/uploads\/2023\/03\/IMG_0041-768x576.jpg 768w, https:\/\/atelier-louis-do.fr\/wp-content\/uploads\/2023\/03\/IMG_0041-1536x1152.jpg 1536w, https:\/\/atelier-louis-do.fr\/wp-content\/uploads\/2023\/03\/IMG_0041-2048x1536.jpg 2048w\" sizes=\"auto, (max-width: 767px) 89vw, (max-width: 1000px) 54vw, (max-width: 1071px) 543px, 580px\" \/><\/figure>\n\n\n\n<figure class=\"wp-block-image size-large\"><img loading=\"lazy\" decoding=\"async\" width=\"1024\" height=\"768\" data-id=\"232\" src=\"http:\/\/atelier-louis-do.fr\/atelierlhradmin\/wp-content\/uploads\/2023\/03\/IMG_0040-1024x768.jpg\" alt=\"\" class=\"wp-image-232\" srcset=\"https:\/\/atelier-louis-do.fr\/wp-content\/uploads\/2023\/03\/IMG_0040-1024x768.jpg 1024w, https:\/\/atelier-louis-do.fr\/wp-content\/uploads\/2023\/03\/IMG_0040-300x225.jpg 300w, https:\/\/atelier-louis-do.fr\/wp-content\/uploads\/2023\/03\/IMG_0040-768x576.jpg 768w, https:\/\/atelier-louis-do.fr\/wp-content\/uploads\/2023\/03\/IMG_0040-1536x1152.jpg 1536w, https:\/\/atelier-louis-do.fr\/wp-content\/uploads\/2023\/03\/IMG_0040-2048x1536.jpg 2048w\" sizes=\"auto, (max-width: 767px) 89vw, (max-width: 1000px) 54vw, (max-width: 1071px) 543px, 580px\" \/><\/figure>\n<\/figure>\n\n\n\n<h2 class=\"has-text-align-center wp-block-heading\">Verri\u00e8re de bureau<\/h2>\n\n\n\n<figure class=\"wp-block-gallery has-nested-images columns-default is-cropped wp-block-gallery-8 is-layout-flex wp-block-gallery-is-layout-flex\">\n<figure class=\"wp-block-image size-large\"><img loading=\"lazy\" decoding=\"async\" width=\"769\" height=\"1024\" data-id=\"403\" src=\"http:\/\/atelier-louis-do.fr\/atelierlhradmin\/wp-content\/uploads\/2023\/03\/verriere-datelier-769x1024-1.jpg\" alt=\"\" class=\"wp-image-403\" srcset=\"https:\/\/atelier-louis-do.fr\/wp-content\/uploads\/2023\/03\/verriere-datelier-769x1024-1.jpg 769w, https:\/\/atelier-louis-do.fr\/wp-content\/uploads\/2023\/03\/verriere-datelier-769x1024-1-225x300.jpg 225w\" sizes=\"auto, (max-width: 767px) 89vw, (max-width: 1000px) 54vw, (max-width: 1071px) 543px, 580px\" \/><\/figure>\n\n\n\n<figure class=\"wp-block-image size-large\"><img loading=\"lazy\" decoding=\"async\" width=\"768\" height=\"1024\" data-id=\"402\" src=\"http:\/\/atelier-louis-do.fr\/atelierlhradmin\/wp-content\/uploads\/2023\/03\/verriere1-768x1024-2.jpg\" alt=\"\" class=\"wp-image-402\" srcset=\"https:\/\/atelier-louis-do.fr\/wp-content\/uploads\/2023\/03\/verriere1-768x1024-2.jpg 768w, https:\/\/atelier-louis-do.fr\/wp-content\/uploads\/2023\/03\/verriere1-768x1024-2-225x300.jpg 225w\" sizes=\"auto, (max-width: 767px) 89vw, (max-width: 1000px) 54vw, (max-width: 1071px) 543px, 580px\" \/><\/figure>\n<\/figure>\n","protected":false},"excerpt":{"rendered":"<p>Mur d&rsquo;agencement en ch\u00eane-laque &amp; porte-manteau Dressing sous escalier plaqu\u00e9 ch\u00eane Am\u00e9nagement int\u00e9rieur d&rsquo;une entr\u00e9e, ch\u00eane et stratifi\u00e9 Mur en vieux bois Consoles vieux bois m\u00e9tal pour salon de coiffure Meuble de salle de bain Cr\u00e9ation de grilles d&rsquo;a\u00e9ration en ch\u00eane pour Glacier Verri\u00e8re de bureau<\/p>\n","protected":false},"author":1,"featured_media":241,"parent":0,"menu_order":0,"comment_status":"closed","ping_status":"closed","template":"","meta":{"footnotes":""},"class_list":["post-131","page","type-page","status-publish","has-post-thumbnail","hentry"],"_links":{"self":[{"href":"https:\/\/atelier-louis-do.fr\/index.php\/wp-json\/wp\/v2\/pages\/131","targetHints":{"allow":["GET"]}}],"collection":[{"href":"https:\/\/atelier-louis-do.fr\/index.php\/wp-json\/wp\/v2\/pages"}],"about":[{"href":"https:\/\/atelier-louis-do.fr\/index.php\/wp-json\/wp\/v2\/types\/page"}],"author":[{"embeddable":true,"href":"https:\/\/atelier-louis-do.fr\/index.php\/wp-json\/wp\/v2\/users\/1"}],"replies":[{"embeddable":true,"href":"https:\/\/atelier-louis-do.fr\/index.php\/wp-json\/wp\/v2\/comments?post=131"}],"version-history":[{"count":14,"href":"https:\/\/atelier-louis-do.fr\/index.php\/wp-json\/wp\/v2\/pages\/131\/revisions"}],"predecessor-version":[{"id":405,"href":"https:\/\/atelier-louis-do.fr\/index.php\/wp-json\/wp\/v2\/pages\/131\/revisions\/405"}],"wp:featuredmedia":[{"embeddable":true,"href":"https:\/\/atelier-louis-do.fr\/index.php\/wp-json\/wp\/v2\/media\/241"}],"wp:attachment":[{"href":"https:\/\/atelier-louis-do.fr\/index.php\/wp-json\/wp\/v2\/media?parent=131"}],"curies":[{"name":"wp","href":"https:\/\/api.w.org\/{rel}","templated":true}]}}