{"id":153,"date":"2023-02-28T15:54:52","date_gmt":"2023-02-28T14:54:52","guid":{"rendered":"http:\/\/atelier-louis-do.fr\/atelierlhradmin\/?page_id=153"},"modified":"2023-03-02T17:49:15","modified_gmt":"2023-03-02T16:49:15","slug":"restauration","status":"publish","type":"page","link":"https:\/\/atelier-louis-do.fr\/index.php\/restauration\/","title":{"rendered":"Restauration"},"content":{"rendered":"\n<h2 class=\"has-text-align-center wp-block-heading\">Bureau rognon en acajou<\/h2>\n\n\n\n<figure class=\"wp-block-gallery has-nested-images columns-default is-cropped wp-block-gallery-1 is-layout-flex wp-block-gallery-is-layout-flex\">\n<figure class=\"wp-block-image size-large\"><img loading=\"lazy\" decoding=\"async\" width=\"1024\" height=\"768\" data-id=\"358\" src=\"http:\/\/atelier-louis-do.fr\/atelierlhradmin\/wp-content\/uploads\/2023\/03\/detail-ceinture-bureau-rognon-avant-restauration-1-1024x768.jpg\" alt=\"\" class=\"wp-image-358\" srcset=\"https:\/\/atelier-louis-do.fr\/wp-content\/uploads\/2023\/03\/detail-ceinture-bureau-rognon-avant-restauration-1-1024x768.jpg 1024w, https:\/\/atelier-louis-do.fr\/wp-content\/uploads\/2023\/03\/detail-ceinture-bureau-rognon-avant-restauration-1-300x225.jpg 300w, https:\/\/atelier-louis-do.fr\/wp-content\/uploads\/2023\/03\/detail-ceinture-bureau-rognon-avant-restauration-1-768x576.jpg 768w, https:\/\/atelier-louis-do.fr\/wp-content\/uploads\/2023\/03\/detail-ceinture-bureau-rognon-avant-restauration-1-1536x1152.jpg 1536w, https:\/\/atelier-louis-do.fr\/wp-content\/uploads\/2023\/03\/detail-ceinture-bureau-rognon-avant-restauration-1-2048x1536.jpg 2048w\" sizes=\"auto, (max-width: 767px) 89vw, (max-width: 1000px) 54vw, (max-width: 1071px) 543px, 580px\" \/><figcaption class=\"wp-element-caption\">Ceinture \u00e9clat\u00e9e<\/figcaption><\/figure>\n\n\n\n<figure class=\"wp-block-image size-large\"><img loading=\"lazy\" decoding=\"async\" width=\"768\" height=\"1024\" data-id=\"360\" src=\"http:\/\/atelier-louis-do.fr\/atelierlhradmin\/wp-content\/uploads\/2023\/03\/Bureau-rognon-avant2-2-768x1024.jpg\" alt=\"\" class=\"wp-image-360\" srcset=\"https:\/\/atelier-louis-do.fr\/wp-content\/uploads\/2023\/03\/Bureau-rognon-avant2-2-768x1024.jpg 768w, https:\/\/atelier-louis-do.fr\/wp-content\/uploads\/2023\/03\/Bureau-rognon-avant2-2-225x300.jpg 225w, https:\/\/atelier-louis-do.fr\/wp-content\/uploads\/2023\/03\/Bureau-rognon-avant2-2-1152x1536.jpg 1152w, https:\/\/atelier-louis-do.fr\/wp-content\/uploads\/2023\/03\/Bureau-rognon-avant2-2-1536x2048.jpg 1536w, https:\/\/atelier-louis-do.fr\/wp-content\/uploads\/2023\/03\/Bureau-rognon-avant2-2-scaled.jpg 1920w\" sizes=\"auto, (max-width: 767px) 89vw, (max-width: 1000px) 54vw, (max-width: 1071px) 543px, 580px\" \/><figcaption class=\"wp-element-caption\">Avant restauration<\/figcaption><\/figure>\n\n\n\n<figure class=\"wp-block-image size-large\"><img loading=\"lazy\" decoding=\"async\" width=\"769\" height=\"1024\" data-id=\"359\" src=\"http:\/\/atelier-louis-do.fr\/atelierlhradmin\/wp-content\/uploads\/2023\/03\/bureau-rognon-apres-restauration2-1-769x1024.jpg\" alt=\"\" class=\"wp-image-359\" srcset=\"https:\/\/atelier-louis-do.fr\/wp-content\/uploads\/2023\/03\/bureau-rognon-apres-restauration2-1-769x1024.jpg 769w, https:\/\/atelier-louis-do.fr\/wp-content\/uploads\/2023\/03\/bureau-rognon-apres-restauration2-1-225x300.jpg 225w, https:\/\/atelier-louis-do.fr\/wp-content\/uploads\/2023\/03\/bureau-rognon-apres-restauration2-1-768x1023.jpg 768w, https:\/\/atelier-louis-do.fr\/wp-content\/uploads\/2023\/03\/bureau-rognon-apres-restauration2-1-1153x1536.jpg 1153w, https:\/\/atelier-louis-do.fr\/wp-content\/uploads\/2023\/03\/bureau-rognon-apres-restauration2-1-1538x2048.jpg 1538w, https:\/\/atelier-louis-do.fr\/wp-content\/uploads\/2023\/03\/bureau-rognon-apres-restauration2-1-scaled.jpg 1922w\" sizes=\"auto, (max-width: 767px) 89vw, (max-width: 1000px) 54vw, (max-width: 1071px) 543px, 580px\" \/><\/figure>\n\n\n\n<figure class=\"wp-block-image size-large\"><img loading=\"lazy\" decoding=\"async\" width=\"769\" height=\"1024\" data-id=\"357\" src=\"http:\/\/atelier-louis-do.fr\/atelierlhradmin\/wp-content\/uploads\/2023\/03\/bureau-rognon-apres-restauration-dos-2-769x1024.jpg\" alt=\"\" class=\"wp-image-357\" srcset=\"https:\/\/atelier-louis-do.fr\/wp-content\/uploads\/2023\/03\/bureau-rognon-apres-restauration-dos-2-769x1024.jpg 769w, https:\/\/atelier-louis-do.fr\/wp-content\/uploads\/2023\/03\/bureau-rognon-apres-restauration-dos-2-225x300.jpg 225w, https:\/\/atelier-louis-do.fr\/wp-content\/uploads\/2023\/03\/bureau-rognon-apres-restauration-dos-2-768x1023.jpg 768w, https:\/\/atelier-louis-do.fr\/wp-content\/uploads\/2023\/03\/bureau-rognon-apres-restauration-dos-2-1153x1536.jpg 1153w, https:\/\/atelier-louis-do.fr\/wp-content\/uploads\/2023\/03\/bureau-rognon-apres-restauration-dos-2-1538x2048.jpg 1538w, https:\/\/atelier-louis-do.fr\/wp-content\/uploads\/2023\/03\/bureau-rognon-apres-restauration-dos-2-scaled.jpg 1922w\" sizes=\"auto, (max-width: 767px) 89vw, (max-width: 1000px) 54vw, (max-width: 1071px) 543px, 580px\" \/><\/figure>\n\n\n\n<figure class=\"wp-block-image size-large\"><img loading=\"lazy\" decoding=\"async\" width=\"769\" height=\"1024\" data-id=\"356\" src=\"http:\/\/atelier-louis-do.fr\/atelierlhradmin\/wp-content\/uploads\/2023\/03\/bureau-rognon-apres-restauration-1-769x1024.jpg\" alt=\"\" class=\"wp-image-356\" srcset=\"https:\/\/atelier-louis-do.fr\/wp-content\/uploads\/2023\/03\/bureau-rognon-apres-restauration-1-769x1024.jpg 769w, https:\/\/atelier-louis-do.fr\/wp-content\/uploads\/2023\/03\/bureau-rognon-apres-restauration-1-225x300.jpg 225w, https:\/\/atelier-louis-do.fr\/wp-content\/uploads\/2023\/03\/bureau-rognon-apres-restauration-1-768x1023.jpg 768w, https:\/\/atelier-louis-do.fr\/wp-content\/uploads\/2023\/03\/bureau-rognon-apres-restauration-1-1153x1536.jpg 1153w, https:\/\/atelier-louis-do.fr\/wp-content\/uploads\/2023\/03\/bureau-rognon-apres-restauration-1-1538x2048.jpg 1538w, https:\/\/atelier-louis-do.fr\/wp-content\/uploads\/2023\/03\/bureau-rognon-apres-restauration-1-scaled.jpg 1922w\" sizes=\"auto, (max-width: 767px) 89vw, (max-width: 1000px) 54vw, (max-width: 1071px) 543px, 580px\" \/><\/figure>\n<\/figure>\n\n\n\n<h2 class=\"has-text-align-center wp-block-heading\">travailleuse Napol\u00e9on III<\/h2>\n\n\n\n<figure class=\"wp-block-gallery has-nested-images columns-default is-cropped wp-block-gallery-2 is-layout-flex wp-block-gallery-is-layout-flex\">\n<figure class=\"wp-block-image size-large\"><img loading=\"lazy\" decoding=\"async\" width=\"768\" height=\"1024\" data-id=\"168\" src=\"http:\/\/atelier-louis-do.fr\/atelierlhradmin\/wp-content\/uploads\/2023\/02\/plateau-travailleuse-NIII-avant-1-1-768x1024.jpg\" alt=\"\" class=\"wp-image-168\" srcset=\"https:\/\/atelier-louis-do.fr\/wp-content\/uploads\/2023\/02\/plateau-travailleuse-NIII-avant-1-1-768x1024.jpg 768w, https:\/\/atelier-louis-do.fr\/wp-content\/uploads\/2023\/02\/plateau-travailleuse-NIII-avant-1-1-225x300.jpg 225w, https:\/\/atelier-louis-do.fr\/wp-content\/uploads\/2023\/02\/plateau-travailleuse-NIII-avant-1-1-1152x1536.jpg 1152w, https:\/\/atelier-louis-do.fr\/wp-content\/uploads\/2023\/02\/plateau-travailleuse-NIII-avant-1-1-1536x2048.jpg 1536w, https:\/\/atelier-louis-do.fr\/wp-content\/uploads\/2023\/02\/plateau-travailleuse-NIII-avant-1-1-scaled.jpg 1920w\" sizes=\"auto, (max-width: 767px) 89vw, (max-width: 1000px) 54vw, (max-width: 1071px) 543px, 580px\" \/><figcaption class=\"wp-element-caption\">Marqueterie \u00e0 restaurer<\/figcaption><\/figure>\n\n\n\n<figure class=\"wp-block-image size-large\"><img loading=\"lazy\" decoding=\"async\" width=\"768\" height=\"1024\" data-id=\"167\" src=\"http:\/\/atelier-louis-do.fr\/atelierlhradmin\/wp-content\/uploads\/2023\/02\/travailleuse-NIII-apres-1-768x1024.jpg\" alt=\"\" class=\"wp-image-167\" srcset=\"https:\/\/atelier-louis-do.fr\/wp-content\/uploads\/2023\/02\/travailleuse-NIII-apres-1-768x1024.jpg 768w, https:\/\/atelier-louis-do.fr\/wp-content\/uploads\/2023\/02\/travailleuse-NIII-apres-1-225x300.jpg 225w, https:\/\/atelier-louis-do.fr\/wp-content\/uploads\/2023\/02\/travailleuse-NIII-apres-1-1152x1536.jpg 1152w, https:\/\/atelier-louis-do.fr\/wp-content\/uploads\/2023\/02\/travailleuse-NIII-apres-1-1536x2048.jpg 1536w, https:\/\/atelier-louis-do.fr\/wp-content\/uploads\/2023\/02\/travailleuse-NIII-apres-1-scaled.jpg 1920w\" sizes=\"auto, (max-width: 767px) 89vw, (max-width: 1000px) 54vw, (max-width: 1071px) 543px, 580px\" \/><\/figure>\n<\/figure>\n\n\n\n<h2 class=\"has-text-align-center wp-block-heading\">Travailleuse style Louis XVI<\/h2>\n\n\n\n<figure class=\"wp-block-gallery has-nested-images columns-default is-cropped wp-block-gallery-3 is-layout-flex wp-block-gallery-is-layout-flex\">\n<figure class=\"wp-block-image size-large\"><img loading=\"lazy\" decoding=\"async\" width=\"768\" height=\"1024\" data-id=\"170\" src=\"http:\/\/atelier-louis-do.fr\/atelierlhradmin\/wp-content\/uploads\/2023\/02\/detail-plateau-travailleuse-LXVI-avant-1-1-768x1024.jpg\" alt=\"\" class=\"wp-image-170\" srcset=\"https:\/\/atelier-louis-do.fr\/wp-content\/uploads\/2023\/02\/detail-plateau-travailleuse-LXVI-avant-1-1-768x1024.jpg 768w, https:\/\/atelier-louis-do.fr\/wp-content\/uploads\/2023\/02\/detail-plateau-travailleuse-LXVI-avant-1-1-225x300.jpg 225w, https:\/\/atelier-louis-do.fr\/wp-content\/uploads\/2023\/02\/detail-plateau-travailleuse-LXVI-avant-1-1-1152x1536.jpg 1152w, https:\/\/atelier-louis-do.fr\/wp-content\/uploads\/2023\/02\/detail-plateau-travailleuse-LXVI-avant-1-1-1536x2048.jpg 1536w, https:\/\/atelier-louis-do.fr\/wp-content\/uploads\/2023\/02\/detail-plateau-travailleuse-LXVI-avant-1-1-scaled.jpg 1920w\" sizes=\"auto, (max-width: 767px) 89vw, (max-width: 1000px) 54vw, (max-width: 1071px) 543px, 580px\" \/><figcaption class=\"wp-element-caption\">plateau endommag\u00e9<\/figcaption><\/figure>\n\n\n\n<figure class=\"wp-block-image size-large\"><img loading=\"lazy\" decoding=\"async\" width=\"768\" height=\"1024\" data-id=\"171\" src=\"http:\/\/atelier-louis-do.fr\/atelierlhradmin\/wp-content\/uploads\/2023\/02\/plateau-travailleuse-LXVI-apres-1-768x1024.jpg\" alt=\"\" class=\"wp-image-171\" srcset=\"https:\/\/atelier-louis-do.fr\/wp-content\/uploads\/2023\/02\/plateau-travailleuse-LXVI-apres-1-768x1024.jpg 768w, https:\/\/atelier-louis-do.fr\/wp-content\/uploads\/2023\/02\/plateau-travailleuse-LXVI-apres-1-225x300.jpg 225w, https:\/\/atelier-louis-do.fr\/wp-content\/uploads\/2023\/02\/plateau-travailleuse-LXVI-apres-1-1152x1536.jpg 1152w, https:\/\/atelier-louis-do.fr\/wp-content\/uploads\/2023\/02\/plateau-travailleuse-LXVI-apres-1-1536x2048.jpg 1536w, https:\/\/atelier-louis-do.fr\/wp-content\/uploads\/2023\/02\/plateau-travailleuse-LXVI-apres-1-scaled.jpg 1920w\" sizes=\"auto, (max-width: 767px) 89vw, (max-width: 1000px) 54vw, (max-width: 1071px) 543px, 580px\" \/><\/figure>\n\n\n\n<figure class=\"wp-block-image size-large\"><img loading=\"lazy\" decoding=\"async\" width=\"768\" height=\"1024\" data-id=\"169\" src=\"http:\/\/atelier-louis-do.fr\/atelierlhradmin\/wp-content\/uploads\/2023\/02\/travailleuse-LXVI-apres-1-768x1024.jpg\" alt=\"\" class=\"wp-image-169\" srcset=\"https:\/\/atelier-louis-do.fr\/wp-content\/uploads\/2023\/02\/travailleuse-LXVI-apres-1-768x1024.jpg 768w, https:\/\/atelier-louis-do.fr\/wp-content\/uploads\/2023\/02\/travailleuse-LXVI-apres-1-225x300.jpg 225w, https:\/\/atelier-louis-do.fr\/wp-content\/uploads\/2023\/02\/travailleuse-LXVI-apres-1-1152x1536.jpg 1152w, https:\/\/atelier-louis-do.fr\/wp-content\/uploads\/2023\/02\/travailleuse-LXVI-apres-1-1536x2048.jpg 1536w, https:\/\/atelier-louis-do.fr\/wp-content\/uploads\/2023\/02\/travailleuse-LXVI-apres-1-scaled.jpg 1920w\" sizes=\"auto, (max-width: 767px) 89vw, (max-width: 1000px) 54vw, (max-width: 1071px) 543px, 580px\" \/><\/figure>\n<\/figure>\n\n\n\n<h2 class=\"has-text-align-center wp-block-heading\">Bureau de Pente<\/h2>\n\n\n\n<figure class=\"wp-block-gallery has-nested-images columns-default is-cropped wp-block-gallery-4 is-layout-flex wp-block-gallery-is-layout-flex\">\n<figure class=\"wp-block-image size-large\"><img loading=\"lazy\" decoding=\"async\" width=\"1024\" height=\"768\" data-id=\"172\" src=\"http:\/\/atelier-louis-do.fr\/atelierlhradmin\/wp-content\/uploads\/2023\/02\/bureau-de-pente-avant-1024x768.jpg\" alt=\"\" class=\"wp-image-172\" srcset=\"https:\/\/atelier-louis-do.fr\/wp-content\/uploads\/2023\/02\/bureau-de-pente-avant-1024x768.jpg 1024w, https:\/\/atelier-louis-do.fr\/wp-content\/uploads\/2023\/02\/bureau-de-pente-avant-300x225.jpg 300w, https:\/\/atelier-louis-do.fr\/wp-content\/uploads\/2023\/02\/bureau-de-pente-avant-768x576.jpg 768w, https:\/\/atelier-louis-do.fr\/wp-content\/uploads\/2023\/02\/bureau-de-pente-avant-1536x1152.jpg 1536w, https:\/\/atelier-louis-do.fr\/wp-content\/uploads\/2023\/02\/bureau-de-pente-avant-2048x1536.jpg 2048w\" sizes=\"auto, (max-width: 767px) 89vw, (max-width: 1000px) 54vw, (max-width: 1071px) 543px, 580px\" \/><figcaption class=\"wp-element-caption\">Abattant piqu\u00e9<\/figcaption><\/figure>\n\n\n\n<figure class=\"wp-block-image size-large\"><img loading=\"lazy\" decoding=\"async\" width=\"1024\" height=\"768\" data-id=\"173\" src=\"http:\/\/atelier-louis-do.fr\/atelierlhradmin\/wp-content\/uploads\/2023\/02\/bureau-de-pente-apres-1024x768.jpg\" alt=\"\" class=\"wp-image-173\" srcset=\"https:\/\/atelier-louis-do.fr\/wp-content\/uploads\/2023\/02\/bureau-de-pente-apres-1024x768.jpg 1024w, https:\/\/atelier-louis-do.fr\/wp-content\/uploads\/2023\/02\/bureau-de-pente-apres-300x225.jpg 300w, https:\/\/atelier-louis-do.fr\/wp-content\/uploads\/2023\/02\/bureau-de-pente-apres-768x576.jpg 768w, https:\/\/atelier-louis-do.fr\/wp-content\/uploads\/2023\/02\/bureau-de-pente-apres-1536x1152.jpg 1536w, https:\/\/atelier-louis-do.fr\/wp-content\/uploads\/2023\/02\/bureau-de-pente-apres-2048x1536.jpg 2048w\" sizes=\"auto, (max-width: 767px) 89vw, (max-width: 1000px) 54vw, (max-width: 1071px) 543px, 580px\" \/><\/figure>\n<\/figure>\n\n\n\n<h2 class=\"has-text-align-center wp-block-heading\">Secr\u00e9taire Louis Philippe<\/h2>\n\n\n\n<figure class=\"wp-block-gallery has-nested-images columns-default is-cropped wp-block-gallery-5 is-layout-flex wp-block-gallery-is-layout-flex\">\n<figure class=\"wp-block-image size-large\"><img loading=\"lazy\" decoding=\"async\" width=\"768\" height=\"1024\" data-id=\"175\" src=\"http:\/\/atelier-louis-do.fr\/atelierlhradmin\/wp-content\/uploads\/2023\/02\/secretaire-Louis-Philippe-aR-1-768x1024.jpg\" alt=\"\" class=\"wp-image-175\" srcset=\"https:\/\/atelier-louis-do.fr\/wp-content\/uploads\/2023\/02\/secretaire-Louis-Philippe-aR-1-768x1024.jpg 768w, https:\/\/atelier-louis-do.fr\/wp-content\/uploads\/2023\/02\/secretaire-Louis-Philippe-aR-1-225x300.jpg 225w, https:\/\/atelier-louis-do.fr\/wp-content\/uploads\/2023\/02\/secretaire-Louis-Philippe-aR-1-1152x1536.jpg 1152w, https:\/\/atelier-louis-do.fr\/wp-content\/uploads\/2023\/02\/secretaire-Louis-Philippe-aR-1-1536x2048.jpg 1536w, https:\/\/atelier-louis-do.fr\/wp-content\/uploads\/2023\/02\/secretaire-Louis-Philippe-aR-1-scaled.jpg 1920w\" sizes=\"auto, (max-width: 767px) 89vw, (max-width: 1000px) 54vw, (max-width: 1071px) 543px, 580px\" \/><\/figure>\n\n\n\n<figure class=\"wp-block-image size-large\"><img loading=\"lazy\" decoding=\"async\" width=\"768\" height=\"1024\" data-id=\"176\" src=\"http:\/\/atelier-louis-do.fr\/atelierlhradmin\/wp-content\/uploads\/2023\/02\/secretaire-Louis-Philippe-avant-restauration-1-768x1024.jpg\" alt=\"\" class=\"wp-image-176\" srcset=\"https:\/\/atelier-louis-do.fr\/wp-content\/uploads\/2023\/02\/secretaire-Louis-Philippe-avant-restauration-1-768x1024.jpg 768w, https:\/\/atelier-louis-do.fr\/wp-content\/uploads\/2023\/02\/secretaire-Louis-Philippe-avant-restauration-1-225x300.jpg 225w, https:\/\/atelier-louis-do.fr\/wp-content\/uploads\/2023\/02\/secretaire-Louis-Philippe-avant-restauration-1-1152x1536.jpg 1152w, https:\/\/atelier-louis-do.fr\/wp-content\/uploads\/2023\/02\/secretaire-Louis-Philippe-avant-restauration-1-1536x2048.jpg 1536w, https:\/\/atelier-louis-do.fr\/wp-content\/uploads\/2023\/02\/secretaire-Louis-Philippe-avant-restauration-1-scaled.jpg 1920w\" sizes=\"auto, (max-width: 767px) 89vw, (max-width: 1000px) 54vw, (max-width: 1071px) 543px, 580px\" \/><figcaption class=\"wp-element-caption\">Avant restauration<\/figcaption><\/figure>\n\n\n\n<figure class=\"wp-block-image size-large\"><img loading=\"lazy\" decoding=\"async\" width=\"768\" height=\"1024\" data-id=\"174\" src=\"http:\/\/atelier-louis-do.fr\/atelierlhradmin\/wp-content\/uploads\/2023\/02\/secretaire-Louis-Philippe-apres-1-768x1024.jpg\" alt=\"\" class=\"wp-image-174\" srcset=\"https:\/\/atelier-louis-do.fr\/wp-content\/uploads\/2023\/02\/secretaire-Louis-Philippe-apres-1-768x1024.jpg 768w, https:\/\/atelier-louis-do.fr\/wp-content\/uploads\/2023\/02\/secretaire-Louis-Philippe-apres-1-225x300.jpg 225w, https:\/\/atelier-louis-do.fr\/wp-content\/uploads\/2023\/02\/secretaire-Louis-Philippe-apres-1-1152x1536.jpg 1152w, https:\/\/atelier-louis-do.fr\/wp-content\/uploads\/2023\/02\/secretaire-Louis-Philippe-apres-1-1536x2048.jpg 1536w, https:\/\/atelier-louis-do.fr\/wp-content\/uploads\/2023\/02\/secretaire-Louis-Philippe-apres-1-scaled.jpg 1920w\" sizes=\"auto, (max-width: 767px) 89vw, (max-width: 1000px) 54vw, (max-width: 1071px) 543px, 580px\" \/><\/figure>\n<\/figure>\n\n\n\n<h2 class=\"has-text-align-center wp-block-heading\">Secr\u00e9taire anglais en acajou<\/h2>\n\n\n\n<figure class=\"wp-block-gallery has-nested-images columns-default is-cropped wp-block-gallery-6 is-layout-flex wp-block-gallery-is-layout-flex\">\n<figure class=\"wp-block-image size-large\"><img loading=\"lazy\" decoding=\"async\" width=\"768\" height=\"1024\" data-id=\"178\" src=\"http:\/\/atelier-louis-do.fr\/atelierlhradmin\/wp-content\/uploads\/2023\/02\/restauration-secretaire-anglais-acajou-1-768x1024.jpg\" alt=\"\" class=\"wp-image-178\" srcset=\"https:\/\/atelier-louis-do.fr\/wp-content\/uploads\/2023\/02\/restauration-secretaire-anglais-acajou-1-768x1024.jpg 768w, https:\/\/atelier-louis-do.fr\/wp-content\/uploads\/2023\/02\/restauration-secretaire-anglais-acajou-1-225x300.jpg 225w, https:\/\/atelier-louis-do.fr\/wp-content\/uploads\/2023\/02\/restauration-secretaire-anglais-acajou-1-1152x1536.jpg 1152w, https:\/\/atelier-louis-do.fr\/wp-content\/uploads\/2023\/02\/restauration-secretaire-anglais-acajou-1-1536x2048.jpg 1536w, https:\/\/atelier-louis-do.fr\/wp-content\/uploads\/2023\/02\/restauration-secretaire-anglais-acajou-1-scaled.jpg 1920w\" sizes=\"auto, (max-width: 767px) 89vw, (max-width: 1000px) 54vw, (max-width: 1071px) 543px, 580px\" \/><\/figure>\n\n\n\n<figure class=\"wp-block-image size-large\"><img loading=\"lazy\" decoding=\"async\" width=\"768\" height=\"1024\" data-id=\"177\" src=\"http:\/\/atelier-louis-do.fr\/atelierlhradmin\/wp-content\/uploads\/2023\/02\/restauration-secretaire-anglais-acajou-interieur-1-768x1024.jpg\" alt=\"\" class=\"wp-image-177\" srcset=\"https:\/\/atelier-louis-do.fr\/wp-content\/uploads\/2023\/02\/restauration-secretaire-anglais-acajou-interieur-1-768x1024.jpg 768w, https:\/\/atelier-louis-do.fr\/wp-content\/uploads\/2023\/02\/restauration-secretaire-anglais-acajou-interieur-1-225x300.jpg 225w, https:\/\/atelier-louis-do.fr\/wp-content\/uploads\/2023\/02\/restauration-secretaire-anglais-acajou-interieur-1-1152x1536.jpg 1152w, https:\/\/atelier-louis-do.fr\/wp-content\/uploads\/2023\/02\/restauration-secretaire-anglais-acajou-interieur-1-1536x2048.jpg 1536w, https:\/\/atelier-louis-do.fr\/wp-content\/uploads\/2023\/02\/restauration-secretaire-anglais-acajou-interieur-1-scaled.jpg 1920w\" sizes=\"auto, (max-width: 767px) 89vw, (max-width: 1000px) 54vw, (max-width: 1071px) 543px, 580px\" \/><\/figure>\n<\/figure>\n\n\n\n<h2 class=\"has-text-align-center wp-block-heading\">Restauration de stalles  &#8211; Saint Germain de Talloires<\/h2>\n\n\n\n<figure class=\"wp-block-gallery has-nested-images columns-default is-cropped wp-block-gallery-7 is-layout-flex wp-block-gallery-is-layout-flex\">\n<figure class=\"wp-block-image size-large\"><img loading=\"lazy\" decoding=\"async\" width=\"1024\" height=\"765\" data-id=\"325\" src=\"http:\/\/atelier-louis-do.fr\/atelierlhradmin\/wp-content\/uploads\/2023\/03\/stalle-ermitage-saint-germain-avant-2-1024x765.jpg\" alt=\"\" class=\"wp-image-325\" srcset=\"https:\/\/atelier-louis-do.fr\/wp-content\/uploads\/2023\/03\/stalle-ermitage-saint-germain-avant-2-1024x765.jpg 1024w, https:\/\/atelier-louis-do.fr\/wp-content\/uploads\/2023\/03\/stalle-ermitage-saint-germain-avant-2-300x224.jpg 300w, https:\/\/atelier-louis-do.fr\/wp-content\/uploads\/2023\/03\/stalle-ermitage-saint-germain-avant-2-768x574.jpg 768w, https:\/\/atelier-louis-do.fr\/wp-content\/uploads\/2023\/03\/stalle-ermitage-saint-germain-avant-2-1536x1147.jpg 1536w, https:\/\/atelier-louis-do.fr\/wp-content\/uploads\/2023\/03\/stalle-ermitage-saint-germain-avant-2-2048x1530.jpg 2048w\" sizes=\"auto, (max-width: 767px) 89vw, (max-width: 1000px) 54vw, (max-width: 1071px) 543px, 580px\" \/><\/figure>\n\n\n\n<figure class=\"wp-block-image size-large\"><img loading=\"lazy\" decoding=\"async\" width=\"1024\" height=\"765\" data-id=\"322\" src=\"http:\/\/atelier-louis-do.fr\/atelierlhradmin\/wp-content\/uploads\/2023\/03\/IMG_2709-1024x765-1.jpg\" alt=\"\" class=\"wp-image-322\" srcset=\"https:\/\/atelier-louis-do.fr\/wp-content\/uploads\/2023\/03\/IMG_2709-1024x765-1.jpg 1024w, https:\/\/atelier-louis-do.fr\/wp-content\/uploads\/2023\/03\/IMG_2709-1024x765-1-300x224.jpg 300w, https:\/\/atelier-louis-do.fr\/wp-content\/uploads\/2023\/03\/IMG_2709-1024x765-1-768x574.jpg 768w\" sizes=\"auto, (max-width: 767px) 89vw, (max-width: 1000px) 54vw, (max-width: 1071px) 543px, 580px\" \/><\/figure>\n\n\n\n<figure class=\"wp-block-image size-large\"><img loading=\"lazy\" decoding=\"async\" width=\"1024\" height=\"765\" data-id=\"323\" src=\"http:\/\/atelier-louis-do.fr\/atelierlhradmin\/wp-content\/uploads\/2023\/03\/IMG_2780-1024x765-1.jpg\" alt=\"\" class=\"wp-image-323\" srcset=\"https:\/\/atelier-louis-do.fr\/wp-content\/uploads\/2023\/03\/IMG_2780-1024x765-1.jpg 1024w, https:\/\/atelier-louis-do.fr\/wp-content\/uploads\/2023\/03\/IMG_2780-1024x765-1-300x224.jpg 300w, https:\/\/atelier-louis-do.fr\/wp-content\/uploads\/2023\/03\/IMG_2780-1024x765-1-768x574.jpg 768w\" sizes=\"auto, (max-width: 767px) 89vw, (max-width: 1000px) 54vw, (max-width: 1071px) 543px, 580px\" \/><\/figure>\n\n\n\n<figure class=\"wp-block-image size-large\"><img loading=\"lazy\" decoding=\"async\" width=\"1024\" height=\"765\" data-id=\"324\" src=\"http:\/\/atelier-louis-do.fr\/atelierlhradmin\/wp-content\/uploads\/2023\/03\/stalle-ermitage2-1-1024x765.jpg\" alt=\"\" class=\"wp-image-324\" srcset=\"https:\/\/atelier-louis-do.fr\/wp-content\/uploads\/2023\/03\/stalle-ermitage2-1-1024x765.jpg 1024w, https:\/\/atelier-louis-do.fr\/wp-content\/uploads\/2023\/03\/stalle-ermitage2-1-300x224.jpg 300w, https:\/\/atelier-louis-do.fr\/wp-content\/uploads\/2023\/03\/stalle-ermitage2-1-768x574.jpg 768w, https:\/\/atelier-louis-do.fr\/wp-content\/uploads\/2023\/03\/stalle-ermitage2-1-1536x1147.jpg 1536w, https:\/\/atelier-louis-do.fr\/wp-content\/uploads\/2023\/03\/stalle-ermitage2-1-2048x1530.jpg 2048w\" sizes=\"auto, (max-width: 767px) 89vw, (max-width: 1000px) 54vw, (max-width: 1071px) 543px, 580px\" \/><\/figure>\n<\/figure>\n","protected":false},"excerpt":{"rendered":"<p>Bureau rognon en acajou travailleuse Napol\u00e9on III Travailleuse style Louis XVI Bureau de Pente Secr\u00e9taire Louis Philippe Secr\u00e9taire anglais en acajou Restauration de stalles &#8211; Saint Germain de Talloires<\/p>\n","protected":false},"author":1,"featured_media":294,"parent":0,"menu_order":0,"comment_status":"closed","ping_status":"closed","template":"","meta":{"footnotes":""},"class_list":["post-153","page","type-page","status-publish","has-post-thumbnail","hentry"],"_links":{"self":[{"href":"https:\/\/atelier-louis-do.fr\/index.php\/wp-json\/wp\/v2\/pages\/153","targetHints":{"allow":["GET"]}}],"collection":[{"href":"https:\/\/atelier-louis-do.fr\/index.php\/wp-json\/wp\/v2\/pages"}],"about":[{"href":"https:\/\/atelier-louis-do.fr\/index.php\/wp-json\/wp\/v2\/types\/page"}],"author":[{"embeddable":true,"href":"https:\/\/atelier-louis-do.fr\/index.php\/wp-json\/wp\/v2\/users\/1"}],"replies":[{"embeddable":true,"href":"https:\/\/atelier-louis-do.fr\/index.php\/wp-json\/wp\/v2\/comments?post=153"}],"version-history":[{"count":11,"href":"https:\/\/atelier-louis-do.fr\/index.php\/wp-json\/wp\/v2\/pages\/153\/revisions"}],"predecessor-version":[{"id":384,"href":"https:\/\/atelier-louis-do.fr\/index.php\/wp-json\/wp\/v2\/pages\/153\/revisions\/384"}],"wp:featuredmedia":[{"embeddable":true,"href":"https:\/\/atelier-louis-do.fr\/index.php\/wp-json\/wp\/v2\/media\/294"}],"wp:attachment":[{"href":"https:\/\/atelier-louis-do.fr\/index.php\/wp-json\/wp\/v2\/media?parent=153"}],"curies":[{"name":"wp","href":"https:\/\/api.w.org\/{rel}","templated":true}]}}