{"id":47,"date":"2023-02-28T11:48:23","date_gmt":"2023-02-28T10:48:23","guid":{"rendered":"http:\/\/atelier-louis-do.fr\/atelierlhradmin\/?page_id=47"},"modified":"2023-03-07T17:15:55","modified_gmt":"2023-03-07T16:15:55","slug":"accueil","status":"publish","type":"page","link":"https:\/\/atelier-louis-do.fr\/","title":{"rendered":"Atelier Louis d&rsquo;O &#8211; Eb\u00e9niste d&rsquo;Art"},"content":{"rendered":"\n<p>L&rsquo;Atelier Louis d&rsquo;O vous accueille \u00e0 Annecy et saura vous guider dans vos projets avec un esprit cr\u00e9atif, un sens de l&rsquo;esth\u00e9tisme et un go\u00fbt pour les mati\u00e8res et le travail minutieux<\/p>\n\n\n\n<div class=\"wp-block-columns is-layout-flex wp-container-core-columns-is-layout-9d6595d7 wp-block-columns-is-layout-flex\">\n<div class=\"wp-block-column is-layout-flow wp-block-column-is-layout-flow\">\n<figure class=\"wp-block-image size-large is-resized\"><img loading=\"lazy\" decoding=\"async\" src=\"http:\/\/atelier-louis-do.fr\/atelierlhradmin\/wp-content\/uploads\/2023\/03\/IMG_2868-1024x678.jpg\" alt=\"\" class=\"wp-image-202\" width=\"339\" height=\"224\" srcset=\"https:\/\/atelier-louis-do.fr\/wp-content\/uploads\/2023\/03\/IMG_2868-1024x678.jpg 1024w, https:\/\/atelier-louis-do.fr\/wp-content\/uploads\/2023\/03\/IMG_2868-300x199.jpg 300w, https:\/\/atelier-louis-do.fr\/wp-content\/uploads\/2023\/03\/IMG_2868-768x509.jpg 768w, https:\/\/atelier-louis-do.fr\/wp-content\/uploads\/2023\/03\/IMG_2868-1536x1017.jpg 1536w, https:\/\/atelier-louis-do.fr\/wp-content\/uploads\/2023\/03\/IMG_2868-2048x1356.jpg 2048w\" sizes=\"auto, (max-width: 339px) 100vw, 339px\" \/><\/figure>\n\n\n\n<p style=\"font-size:14px\"> <strong>Bureau style art d\u00e9co<\/strong><br>Palissandre<\/p>\n<\/div>\n\n\n\n<div class=\"wp-block-column is-layout-flow wp-block-column-is-layout-flow\">\n<div style=\"height:100px\" aria-hidden=\"true\" class=\"wp-block-spacer\"><\/div>\n\n\n\n<p style=\"font-size:14px\"><strong>Lampes en noyer<\/strong><br>gain\u00e9es galuchat<\/p>\n\n\n\n<figure class=\"wp-block-image size-large is-resized\"><img loading=\"lazy\" decoding=\"async\" src=\"http:\/\/atelier-louis-do.fr\/atelierlhradmin\/wp-content\/uploads\/2023\/03\/lampes-galuchat-rouge-1024x769.jpg\" alt=\"\" class=\"wp-image-280\" width=\"364\" height=\"273\" srcset=\"https:\/\/atelier-louis-do.fr\/wp-content\/uploads\/2023\/03\/lampes-galuchat-rouge-1024x769.jpg 1024w, https:\/\/atelier-louis-do.fr\/wp-content\/uploads\/2023\/03\/lampes-galuchat-rouge-300x225.jpg 300w, https:\/\/atelier-louis-do.fr\/wp-content\/uploads\/2023\/03\/lampes-galuchat-rouge-768x577.jpg 768w, https:\/\/atelier-louis-do.fr\/wp-content\/uploads\/2023\/03\/lampes-galuchat-rouge-1536x1153.jpg 1536w, https:\/\/atelier-louis-do.fr\/wp-content\/uploads\/2023\/03\/lampes-galuchat-rouge-2048x1538.jpg 2048w\" sizes=\"auto, (max-width: 364px) 100vw, 364px\" \/><\/figure>\n<\/div>\n<\/div>\n\n\n\n<figure class=\"wp-block-image size-full\"><img loading=\"lazy\" decoding=\"async\" width=\"718\" height=\"409\" src=\"http:\/\/atelier-louis-do.fr\/atelierlhradmin\/wp-content\/uploads\/2023\/02\/double-valet.jpg\" alt=\"\" class=\"wp-image-184\" srcset=\"https:\/\/atelier-louis-do.fr\/wp-content\/uploads\/2023\/02\/double-valet.jpg 718w, https:\/\/atelier-louis-do.fr\/wp-content\/uploads\/2023\/02\/double-valet-300x171.jpg 300w\" sizes=\"auto, (max-width: 718px) 100vw, 718px\" \/><\/figure>\n","protected":false},"excerpt":{"rendered":"<p>L&rsquo;Atelier Louis d&rsquo;O vous accueille \u00e0 Annecy et saura vous guider dans vos projets avec un esprit cr\u00e9atif, un sens de l&rsquo;esth\u00e9tisme et un go\u00fbt pour les mati\u00e8res et le travail minutieux Bureau style art d\u00e9coPalissandre Lampes en noyergain\u00e9es galuchat<\/p>\n","protected":false},"author":1,"featured_media":0,"parent":0,"menu_order":0,"comment_status":"closed","ping_status":"closed","template":"","meta":{"footnotes":""},"class_list":["post-47","page","type-page","status-publish","hentry"],"_links":{"self":[{"href":"https:\/\/atelier-louis-do.fr\/index.php\/wp-json\/wp\/v2\/pages\/47","targetHints":{"allow":["GET"]}}],"collection":[{"href":"https:\/\/atelier-louis-do.fr\/index.php\/wp-json\/wp\/v2\/pages"}],"about":[{"href":"https:\/\/atelier-louis-do.fr\/index.php\/wp-json\/wp\/v2\/types\/page"}],"author":[{"embeddable":true,"href":"https:\/\/atelier-louis-do.fr\/index.php\/wp-json\/wp\/v2\/users\/1"}],"replies":[{"embeddable":true,"href":"https:\/\/atelier-louis-do.fr\/index.php\/wp-json\/wp\/v2\/comments?post=47"}],"version-history":[{"count":18,"href":"https:\/\/atelier-louis-do.fr\/index.php\/wp-json\/wp\/v2\/pages\/47\/revisions"}],"predecessor-version":[{"id":418,"href":"https:\/\/atelier-louis-do.fr\/index.php\/wp-json\/wp\/v2\/pages\/47\/revisions\/418"}],"wp:attachment":[{"href":"https:\/\/atelier-louis-do.fr\/index.php\/wp-json\/wp\/v2\/media?parent=47"}],"curies":[{"name":"wp","href":"https:\/\/api.w.org\/{rel}","templated":true}]}}