{"id":48,"date":"2023-02-28T11:48:23","date_gmt":"2023-02-28T10:48:23","guid":{"rendered":"http:\/\/atelier-louis-do.fr\/atelierlhradmin\/?page_id=48"},"modified":"2023-03-14T13:50:26","modified_gmt":"2023-03-14T12:50:26","slug":"a-propos-de","status":"publish","type":"page","link":"https:\/\/atelier-louis-do.fr\/index.php\/a-propos-de\/","title":{"rendered":"Cr\u00e9ation"},"content":{"rendered":"\n<p>Contemporains ou classiques, vos projets sont \u00e9tudi\u00e9s avec le plus grand soin pour devenir r\u00e9alit\u00e9 et sublimer votre int\u00e9rieur<\/p>\n\n\n\n<h2 class=\"has-text-align-center wp-block-heading\">Bureau de style art-deco en noyer et palissandre<\/h2>\n\n\n\n<figure class=\"wp-block-gallery has-nested-images columns-default is-cropped wp-block-gallery-1 is-layout-flex wp-block-gallery-is-layout-flex\">\n<figure class=\"wp-block-image size-large\"><img loading=\"lazy\" decoding=\"async\" width=\"1024\" height=\"768\" data-id=\"277\" src=\"http:\/\/atelier-louis-do.fr\/atelierlhradmin\/wp-content\/uploads\/2023\/03\/bureau-o-miochel-2-impasse-1024x768.jpg\" alt=\"\" class=\"wp-image-277\" srcset=\"https:\/\/atelier-louis-do.fr\/wp-content\/uploads\/2023\/03\/bureau-o-miochel-2-impasse-1024x768.jpg 1024w, https:\/\/atelier-louis-do.fr\/wp-content\/uploads\/2023\/03\/bureau-o-miochel-2-impasse-300x225.jpg 300w, https:\/\/atelier-louis-do.fr\/wp-content\/uploads\/2023\/03\/bureau-o-miochel-2-impasse-768x576.jpg 768w, https:\/\/atelier-louis-do.fr\/wp-content\/uploads\/2023\/03\/bureau-o-miochel-2-impasse-1536x1152.jpg 1536w, https:\/\/atelier-louis-do.fr\/wp-content\/uploads\/2023\/03\/bureau-o-miochel-2-impasse-2048x1536.jpg 2048w\" sizes=\"auto, (max-width: 767px) 89vw, (max-width: 1000px) 54vw, (max-width: 1071px) 543px, 580px\" \/><\/figure>\n\n\n\n<figure class=\"wp-block-image size-large\"><img loading=\"lazy\" decoding=\"async\" width=\"1024\" height=\"768\" data-id=\"237\" src=\"http:\/\/atelier-louis-do.fr\/atelierlhradmin\/wp-content\/uploads\/2023\/03\/IMG_2708-1-1024x768.jpg\" alt=\"\" class=\"wp-image-237\" srcset=\"https:\/\/atelier-louis-do.fr\/wp-content\/uploads\/2023\/03\/IMG_2708-1-1024x768.jpg 1024w, https:\/\/atelier-louis-do.fr\/wp-content\/uploads\/2023\/03\/IMG_2708-1-300x225.jpg 300w, https:\/\/atelier-louis-do.fr\/wp-content\/uploads\/2023\/03\/IMG_2708-1-768x576.jpg 768w, https:\/\/atelier-louis-do.fr\/wp-content\/uploads\/2023\/03\/IMG_2708-1-1536x1152.jpg 1536w, https:\/\/atelier-louis-do.fr\/wp-content\/uploads\/2023\/03\/IMG_2708-1-2048x1536.jpg 2048w\" sizes=\"auto, (max-width: 767px) 89vw, (max-width: 1000px) 54vw, (max-width: 1071px) 543px, 580px\" \/><\/figure>\n\n\n\n<figure class=\"wp-block-image size-large\"><img loading=\"lazy\" decoding=\"async\" width=\"1024\" height=\"768\" data-id=\"380\" src=\"http:\/\/atelier-louis-do.fr\/atelierlhradmin\/wp-content\/uploads\/2023\/03\/IMG_2707-1024x768.jpg\" alt=\"\" class=\"wp-image-380\" srcset=\"https:\/\/atelier-louis-do.fr\/wp-content\/uploads\/2023\/03\/IMG_2707-1024x768.jpg 1024w, https:\/\/atelier-louis-do.fr\/wp-content\/uploads\/2023\/03\/IMG_2707-300x225.jpg 300w, https:\/\/atelier-louis-do.fr\/wp-content\/uploads\/2023\/03\/IMG_2707-768x576.jpg 768w, https:\/\/atelier-louis-do.fr\/wp-content\/uploads\/2023\/03\/IMG_2707-1536x1152.jpg 1536w, https:\/\/atelier-louis-do.fr\/wp-content\/uploads\/2023\/03\/IMG_2707-2048x1536.jpg 2048w\" sizes=\"auto, (max-width: 767px) 89vw, (max-width: 1000px) 54vw, (max-width: 1071px) 543px, 580px\" \/><\/figure>\n\n\n\n<figure class=\"wp-block-image size-large\"><img loading=\"lazy\" decoding=\"async\" width=\"1024\" height=\"678\" data-id=\"101\" src=\"http:\/\/atelier-louis-do.fr\/atelierlhradmin\/wp-content\/uploads\/2023\/02\/bureau-o-michel1-1024x678.jpg\" alt=\"\" class=\"wp-image-101\" srcset=\"https:\/\/atelier-louis-do.fr\/wp-content\/uploads\/2023\/02\/bureau-o-michel1-1024x678.jpg 1024w, https:\/\/atelier-louis-do.fr\/wp-content\/uploads\/2023\/02\/bureau-o-michel1-300x199.jpg 300w, https:\/\/atelier-louis-do.fr\/wp-content\/uploads\/2023\/02\/bureau-o-michel1-768x509.jpg 768w, https:\/\/atelier-louis-do.fr\/wp-content\/uploads\/2023\/02\/bureau-o-michel1-1536x1017.jpg 1536w, https:\/\/atelier-louis-do.fr\/wp-content\/uploads\/2023\/02\/bureau-o-michel1-2048x1356.jpg 2048w\" sizes=\"auto, (max-width: 767px) 89vw, (max-width: 1000px) 54vw, (max-width: 1071px) 543px, 580px\" \/><\/figure>\n<\/figure>\n\n\n\n<h2 class=\"has-text-align-center wp-block-heading\">Mur d&rsquo;agencement ch\u00eane &amp; laque<\/h2>\n\n\n\n<figure class=\"wp-block-image size-large\"><img loading=\"lazy\" decoding=\"async\" width=\"768\" height=\"1024\" src=\"http:\/\/atelier-louis-do.fr\/atelierlhradmin\/wp-content\/uploads\/2023\/02\/IMG_6671-2-768x1024.jpg\" alt=\"\" class=\"wp-image-82\" srcset=\"https:\/\/atelier-louis-do.fr\/wp-content\/uploads\/2023\/02\/IMG_6671-2-768x1024.jpg 768w, https:\/\/atelier-louis-do.fr\/wp-content\/uploads\/2023\/02\/IMG_6671-2-225x300.jpg 225w, https:\/\/atelier-louis-do.fr\/wp-content\/uploads\/2023\/02\/IMG_6671-2-1152x1536.jpg 1152w, https:\/\/atelier-louis-do.fr\/wp-content\/uploads\/2023\/02\/IMG_6671-2-1536x2048.jpg 1536w, https:\/\/atelier-louis-do.fr\/wp-content\/uploads\/2023\/02\/IMG_6671-2-scaled.jpg 1920w\" sizes=\"auto, (max-width: 767px) 89vw, (max-width: 1000px) 54vw, (max-width: 1071px) 543px, 580px\" \/><\/figure>\n\n\n\n<h2 class=\"has-text-align-center wp-block-heading\">Chiffonnier en noyer massif et stratifi\u00e9<\/h2>\n\n\n\n<figure class=\"wp-block-gallery has-nested-images columns-default is-cropped wp-block-gallery-2 is-layout-flex wp-block-gallery-is-layout-flex\">\n<figure class=\"wp-block-image size-large\"><img loading=\"lazy\" decoding=\"async\" width=\"768\" height=\"1024\" data-id=\"287\" src=\"http:\/\/atelier-louis-do.fr\/atelierlhradmin\/wp-content\/uploads\/2023\/03\/IMG_9053-768x1024.jpg\" alt=\"\" class=\"wp-image-287\" srcset=\"https:\/\/atelier-louis-do.fr\/wp-content\/uploads\/2023\/03\/IMG_9053-768x1024.jpg 768w, https:\/\/atelier-louis-do.fr\/wp-content\/uploads\/2023\/03\/IMG_9053-225x300.jpg 225w, https:\/\/atelier-louis-do.fr\/wp-content\/uploads\/2023\/03\/IMG_9053-1152x1536.jpg 1152w, https:\/\/atelier-louis-do.fr\/wp-content\/uploads\/2023\/03\/IMG_9053-1536x2048.jpg 1536w, https:\/\/atelier-louis-do.fr\/wp-content\/uploads\/2023\/03\/IMG_9053-scaled.jpg 1920w\" sizes=\"auto, (max-width: 767px) 89vw, (max-width: 1000px) 54vw, (max-width: 1071px) 543px, 580px\" \/><\/figure>\n<\/figure>\n\n\n\n<h2 class=\"has-text-align-center wp-block-heading\">Table \u00e0 jeu noyer\/palissandre<\/h2>\n\n\n\n<figure class=\"wp-block-gallery has-nested-images columns-default is-cropped wp-block-gallery-3 is-layout-flex wp-block-gallery-is-layout-flex\">\n<figure class=\"wp-block-image size-large\"><img loading=\"lazy\" decoding=\"async\" width=\"1024\" height=\"768\" data-id=\"399\" src=\"http:\/\/atelier-louis-do.fr\/atelierlhradmin\/wp-content\/uploads\/2023\/03\/photo-2-1024x768-1.jpg\" alt=\"\" class=\"wp-image-399\" srcset=\"https:\/\/atelier-louis-do.fr\/wp-content\/uploads\/2023\/03\/photo-2-1024x768-1.jpg 1024w, https:\/\/atelier-louis-do.fr\/wp-content\/uploads\/2023\/03\/photo-2-1024x768-1-300x225.jpg 300w, https:\/\/atelier-louis-do.fr\/wp-content\/uploads\/2023\/03\/photo-2-1024x768-1-768x576.jpg 768w\" sizes=\"auto, (max-width: 767px) 89vw, (max-width: 1000px) 54vw, (max-width: 1071px) 543px, 580px\" \/><\/figure>\n\n\n\n<figure class=\"wp-block-image size-large\"><img loading=\"lazy\" decoding=\"async\" width=\"1024\" height=\"768\" data-id=\"398\" src=\"http:\/\/atelier-louis-do.fr\/atelierlhradmin\/wp-content\/uploads\/2023\/03\/photo-4-1024x768-2.jpg\" alt=\"\" class=\"wp-image-398\" srcset=\"https:\/\/atelier-louis-do.fr\/wp-content\/uploads\/2023\/03\/photo-4-1024x768-2.jpg 1024w, https:\/\/atelier-louis-do.fr\/wp-content\/uploads\/2023\/03\/photo-4-1024x768-2-300x225.jpg 300w, https:\/\/atelier-louis-do.fr\/wp-content\/uploads\/2023\/03\/photo-4-1024x768-2-768x576.jpg 768w\" sizes=\"auto, (max-width: 767px) 89vw, (max-width: 1000px) 54vw, (max-width: 1071px) 543px, 580px\" \/><\/figure>\n<\/figure>\n\n\n\n<h2 class=\"has-text-align-center wp-block-heading\">Commode en merisier style Louis XV<\/h2>\n\n\n\n<figure class=\"wp-block-gallery has-nested-images columns-default is-cropped wp-block-gallery-4 is-layout-flex wp-block-gallery-is-layout-flex\">\n<figure class=\"wp-block-image size-large\"><img loading=\"lazy\" decoding=\"async\" width=\"768\" height=\"1024\" data-id=\"411\" src=\"http:\/\/atelier-louis-do.fr\/atelierlhradmin\/wp-content\/uploads\/2023\/03\/IMG_1474.JPEG-768x1024.jpeg\" alt=\"\" class=\"wp-image-411\" srcset=\"https:\/\/atelier-louis-do.fr\/wp-content\/uploads\/2023\/03\/IMG_1474.JPEG-768x1024.jpeg 768w, https:\/\/atelier-louis-do.fr\/wp-content\/uploads\/2023\/03\/IMG_1474.JPEG-225x300.jpeg 225w, https:\/\/atelier-louis-do.fr\/wp-content\/uploads\/2023\/03\/IMG_1474.JPEG-1152x1536.jpeg 1152w, https:\/\/atelier-louis-do.fr\/wp-content\/uploads\/2023\/03\/IMG_1474.JPEG-1536x2048.jpeg 1536w, https:\/\/atelier-louis-do.fr\/wp-content\/uploads\/2023\/03\/IMG_1474.JPEG-scaled.jpeg 1920w\" sizes=\"auto, (max-width: 767px) 89vw, (max-width: 1000px) 54vw, (max-width: 1071px) 543px, 580px\" \/><\/figure>\n\n\n\n<figure class=\"wp-block-image size-full\"><img loading=\"lazy\" decoding=\"async\" width=\"224\" height=\"300\" data-id=\"397\" src=\"http:\/\/atelier-louis-do.fr\/wp-content\/uploads\/2023\/03\/IMG_1469-224x300-1.jpg\" alt=\"\" class=\"wp-image-397\"\/><\/figure>\n\n\n\n<figure class=\"wp-block-image size-large\"><img loading=\"lazy\" decoding=\"async\" width=\"768\" height=\"1024\" data-id=\"419\" src=\"https:\/\/atelier-louis-do.fr\/wp-content\/uploads\/2023\/03\/IMG_1475.JPEG-1-768x1024.jpeg\" alt=\"\" class=\"wp-image-419\" srcset=\"https:\/\/atelier-louis-do.fr\/wp-content\/uploads\/2023\/03\/IMG_1475.JPEG-1-768x1024.jpeg 768w, https:\/\/atelier-louis-do.fr\/wp-content\/uploads\/2023\/03\/IMG_1475.JPEG-1-225x300.jpeg 225w, https:\/\/atelier-louis-do.fr\/wp-content\/uploads\/2023\/03\/IMG_1475.JPEG-1-1152x1536.jpeg 1152w, https:\/\/atelier-louis-do.fr\/wp-content\/uploads\/2023\/03\/IMG_1475.JPEG-1-1536x2048.jpeg 1536w, https:\/\/atelier-louis-do.fr\/wp-content\/uploads\/2023\/03\/IMG_1475.JPEG-1-scaled.jpeg 1920w\" sizes=\"auto, (max-width: 767px) 89vw, (max-width: 1000px) 54vw, (max-width: 1071px) 543px, 580px\" \/><\/figure>\n<\/figure>\n\n\n\n<h2 class=\"has-text-align-center wp-block-heading\">Bureau style Louis Philippe<\/h2>\n\n\n\n<figure class=\"wp-block-gallery has-nested-images columns-default is-cropped wp-block-gallery-5 is-layout-flex wp-block-gallery-is-layout-flex\">\n<figure class=\"wp-block-image size-full\"><img loading=\"lazy\" decoding=\"async\" width=\"768\" height=\"1024\" data-id=\"396\" src=\"http:\/\/atelier-louis-do.fr\/atelierlhradmin\/wp-content\/uploads\/2023\/03\/IMG_0909-768x1024-3.jpg\" alt=\"\" class=\"wp-image-396\" srcset=\"https:\/\/atelier-louis-do.fr\/wp-content\/uploads\/2023\/03\/IMG_0909-768x1024-3.jpg 768w, https:\/\/atelier-louis-do.fr\/wp-content\/uploads\/2023\/03\/IMG_0909-768x1024-3-225x300.jpg 225w\" sizes=\"auto, (max-width: 767px) 89vw, (max-width: 1000px) 54vw, (max-width: 1071px) 543px, 580px\" \/><\/figure>\n\n\n\n<figure class=\"wp-block-image size-large\"><img loading=\"lazy\" decoding=\"async\" width=\"768\" height=\"1024\" data-id=\"394\" src=\"http:\/\/atelier-louis-do.fr\/atelierlhradmin\/wp-content\/uploads\/2023\/03\/IMG_0910-768x1024-2.jpg\" alt=\"\" class=\"wp-image-394\" srcset=\"https:\/\/atelier-louis-do.fr\/wp-content\/uploads\/2023\/03\/IMG_0910-768x1024-2.jpg 768w, https:\/\/atelier-louis-do.fr\/wp-content\/uploads\/2023\/03\/IMG_0910-768x1024-2-225x300.jpg 225w\" sizes=\"auto, (max-width: 767px) 89vw, (max-width: 1000px) 54vw, (max-width: 1071px) 543px, 580px\" \/><\/figure>\n<\/figure>\n\n\n\n<figure class=\"wp-block-gallery has-nested-images columns-default is-cropped wp-block-gallery-6 is-layout-flex wp-block-gallery-is-layout-flex\">\n<figure class=\"wp-block-image size-large\"><img loading=\"lazy\" decoding=\"async\" width=\"1024\" height=\"764\" data-id=\"391\" src=\"http:\/\/atelier-louis-do.fr\/atelierlhradmin\/wp-content\/uploads\/2023\/03\/IMG_0915-1024x764-1.jpg\" alt=\"\" class=\"wp-image-391\" srcset=\"https:\/\/atelier-louis-do.fr\/wp-content\/uploads\/2023\/03\/IMG_0915-1024x764-1.jpg 1024w, https:\/\/atelier-louis-do.fr\/wp-content\/uploads\/2023\/03\/IMG_0915-1024x764-1-300x224.jpg 300w, https:\/\/atelier-louis-do.fr\/wp-content\/uploads\/2023\/03\/IMG_0915-1024x764-1-768x573.jpg 768w\" sizes=\"auto, (max-width: 767px) 89vw, (max-width: 1000px) 54vw, (max-width: 1071px) 543px, 580px\" \/><\/figure>\n<\/figure>\n\n\n\n<h2 class=\"has-text-align-center wp-block-heading\">Coffre de rangement en ch\u00eane et rotin<\/h2>\n\n\n\n<figure class=\"wp-block-image size-large\"><img loading=\"lazy\" decoding=\"async\" width=\"1024\" height=\"768\" src=\"http:\/\/atelier-louis-do.fr\/atelierlhradmin\/wp-content\/uploads\/2023\/02\/creation-coffre-chenerotin-1024x768.jpg\" alt=\"\" class=\"wp-image-102\" srcset=\"https:\/\/atelier-louis-do.fr\/wp-content\/uploads\/2023\/02\/creation-coffre-chenerotin-1024x768.jpg 1024w, https:\/\/atelier-louis-do.fr\/wp-content\/uploads\/2023\/02\/creation-coffre-chenerotin-300x225.jpg 300w, https:\/\/atelier-louis-do.fr\/wp-content\/uploads\/2023\/02\/creation-coffre-chenerotin-768x576.jpg 768w, https:\/\/atelier-louis-do.fr\/wp-content\/uploads\/2023\/02\/creation-coffre-chenerotin-1536x1152.jpg 1536w, https:\/\/atelier-louis-do.fr\/wp-content\/uploads\/2023\/02\/creation-coffre-chenerotin-2048x1536.jpg 2048w\" sizes=\"auto, (max-width: 767px) 89vw, (max-width: 1000px) 54vw, (max-width: 1071px) 543px, 580px\" \/><\/figure>\n","protected":false},"excerpt":{"rendered":"<p>Contemporains ou classiques, vos projets sont \u00e9tudi\u00e9s avec le plus grand soin pour devenir r\u00e9alit\u00e9 et sublimer votre int\u00e9rieur Bureau de style art-deco en noyer et palissandre Mur d&rsquo;agencement ch\u00eane &amp; laque Chiffonnier en noyer massif et stratifi\u00e9 Table \u00e0 jeu noyer\/palissandre Commode en merisier style Louis XV Bureau style Louis Philippe Coffre de rangement &hellip; <\/p>\n<p class=\"link-more\"><a href=\"https:\/\/atelier-louis-do.fr\/index.php\/a-propos-de\/\" class=\"more-link\">Continuer la lecture<span class=\"screen-reader-text\"> de &laquo;&nbsp;Cr\u00e9ation&nbsp;&raquo;<\/span><\/a><\/p>\n","protected":false},"author":1,"featured_media":238,"parent":0,"menu_order":0,"comment_status":"closed","ping_status":"closed","template":"","meta":{"footnotes":""},"class_list":["post-48","page","type-page","status-publish","has-post-thumbnail","hentry"],"_links":{"self":[{"href":"https:\/\/atelier-louis-do.fr\/index.php\/wp-json\/wp\/v2\/pages\/48","targetHints":{"allow":["GET"]}}],"collection":[{"href":"https:\/\/atelier-louis-do.fr\/index.php\/wp-json\/wp\/v2\/pages"}],"about":[{"href":"https:\/\/atelier-louis-do.fr\/index.php\/wp-json\/wp\/v2\/types\/page"}],"author":[{"embeddable":true,"href":"https:\/\/atelier-louis-do.fr\/index.php\/wp-json\/wp\/v2\/users\/1"}],"replies":[{"embeddable":true,"href":"https:\/\/atelier-louis-do.fr\/index.php\/wp-json\/wp\/v2\/comments?post=48"}],"version-history":[{"count":17,"href":"https:\/\/atelier-louis-do.fr\/index.php\/wp-json\/wp\/v2\/pages\/48\/revisions"}],"predecessor-version":[{"id":421,"href":"https:\/\/atelier-louis-do.fr\/index.php\/wp-json\/wp\/v2\/pages\/48\/revisions\/421"}],"wp:featuredmedia":[{"embeddable":true,"href":"https:\/\/atelier-louis-do.fr\/index.php\/wp-json\/wp\/v2\/media\/238"}],"wp:attachment":[{"href":"https:\/\/atelier-louis-do.fr\/index.php\/wp-json\/wp\/v2\/media?parent=48"}],"curies":[{"name":"wp","href":"https:\/\/api.w.org\/{rel}","templated":true}]}}