{"id":76,"date":"2023-02-28T13:37:48","date_gmt":"2023-02-28T12:37:48","guid":{"rendered":"http:\/\/atelier-louis-do.fr\/atelierlhradmin\/?page_id=76"},"modified":"2023-03-02T17:58:58","modified_gmt":"2023-03-02T16:58:58","slug":"finition-aerogommage","status":"publish","type":"page","link":"https:\/\/atelier-louis-do.fr\/index.php\/finition-aerogommage\/","title":{"rendered":"Finition\/A\u00e9rogommage"},"content":{"rendered":"\n<p class=\"has-small-font-size\"><\/p>\n\n\n\n<div class=\"wp-block-columns alignfull is-layout-flex wp-container-core-columns-is-layout-9d6595d7 wp-block-columns-is-layout-flex\">\n<div class=\"wp-block-column is-layout-flow wp-block-column-is-layout-flow\" style=\"flex-basis:50%\">\n<div class=\"wp-block-cover is-light\" style=\"min-height:600px;aspect-ratio:unset;\"><span aria-hidden=\"true\" class=\"wp-block-cover__background has-background-dim-100 has-background-dim\" style=\"background-color:#f6f6f6\"><\/span><div class=\"wp-block-cover__inner-container is-layout-flow wp-block-cover-is-layout-flow\"><div class=\"wp-block-image\">\n<figure class=\"aligncenter size-large is-resized\"><img loading=\"lazy\" decoding=\"async\" src=\"http:\/\/atelier-louis-do.fr\/atelierlhradmin\/wp-content\/uploads\/2023\/03\/eclaircissement-armoire-1-768x1024.jpg\" alt=\"\" class=\"wp-image-304\" width=\"246\" height=\"328\" srcset=\"https:\/\/atelier-louis-do.fr\/wp-content\/uploads\/2023\/03\/eclaircissement-armoire-1-768x1024.jpg 768w, https:\/\/atelier-louis-do.fr\/wp-content\/uploads\/2023\/03\/eclaircissement-armoire-1-225x300.jpg 225w, https:\/\/atelier-louis-do.fr\/wp-content\/uploads\/2023\/03\/eclaircissement-armoire-1-1152x1536.jpg 1152w, https:\/\/atelier-louis-do.fr\/wp-content\/uploads\/2023\/03\/eclaircissement-armoire-1-1536x2048.jpg 1536w, https:\/\/atelier-louis-do.fr\/wp-content\/uploads\/2023\/03\/eclaircissement-armoire-1-scaled.jpg 1920w\" sizes=\"auto, (max-width: 246px) 100vw, 246px\" \/><\/figure>\n<\/div><\/div><\/div>\n<\/div>\n\n\n\n<div class=\"wp-block-column is-vertically-aligned-center is-layout-flow wp-block-column-is-layout-flow\" style=\"padding-top:1em;padding-right:1em;padding-bottom:1em;padding-left:1em\">\n<div class=\"wp-block-columns is-layout-flex wp-container-core-columns-is-layout-9d6595d7 wp-block-columns-is-layout-flex\">\n<div class=\"wp-block-column is-layout-flow wp-block-column-is-layout-flow\" style=\"flex-basis:320px\">\n<p class=\"has-small-font-size\" style=\"line-height:1.6\"><\/p>\n\n\n\n<p class=\"has-small-font-size\" style=\"line-height:1.7\"><strong>L\u2019Atelier Louis d&rsquo;O <\/strong>a su d\u00e9velopper au fil des ann\u00e9es une r\u00e9elle expertise en <strong>finitions des surfaces<\/strong>. Nous sommes \u00e0 m\u00eame de vous proposer&nbsp;:<\/p>\n\n\n\n<p class=\"has-small-font-size\" style=\"line-height:1.7\">&#8211; <em>des recherches de teintes et prototypages<br>&#8211; des vernis traditionnels pour du mobilier de style selon les techniques s\u00e9culaires (gomme laque base du vernis au tampon),<br>&#8211; des vernis appropri\u00e9s aux usages de nos vies modernes&nbsp;: vernis polyur\u00e9thane bi-composant r\u00e9alis\u00e9s au pistolet en cabine,<br>&#8211; des laques.<\/em><br>Dans un souci d\u2019\u00e9cologie et de respect des mati\u00e8res trait\u00e9es, l\u2019atelier a voulu d\u00e9velopper un proc\u00e9d\u00e9 de d\u00e9capage innovant l\u2019<strong>a\u00e9rogommage<\/strong>. Ce dernier consiste \u00e0 projeter \u00e0 basse pression, un m\u00e9lange d&rsquo;air comprim\u00e9 et d\u2019abrasif naturel (grains de quelques microns \u00e0 1mm, de pr\u00e9f\u00e9rence \u00e9cologique) sur la surface \u00e0 traiter, \u00e0 l&rsquo;aide d\u2019une a\u00e9rogommeuse<br>A partir de l&rsquo;a\u00e9rogommeuse, une vanne de distribution de granulat facilement r\u00e9glable permet d\u2019optimiser le m\u00e9lange air\/abrasif afin de garantir une action optimale du m\u00e9dia. Adapt\u00e9e \u00e0 toutes tailles de surfaces, la technologie d&rsquo;a\u00e9rogommage permet un traitement rapide et pr\u00e9cis des supports les plus d\u00e9licats et difficiles d\u2019acc\u00e8s.<\/p>\n<\/div>\n<\/div>\n<\/div>\n<\/div>\n\n\n\n<figure class=\"wp-block-gallery has-nested-images columns-default is-cropped wp-block-gallery-1 is-layout-flex wp-block-gallery-is-layout-flex\">\n<figure class=\"wp-block-image size-full\"><img loading=\"lazy\" decoding=\"async\" width=\"2560\" height=\"1920\" data-id=\"257\" src=\"http:\/\/atelier-louis-do.fr\/atelierlhradmin\/wp-content\/uploads\/2023\/03\/relooking-bufffet-sapin-avant-1-scaled.jpg\" alt=\"\" class=\"wp-image-257\" srcset=\"https:\/\/atelier-louis-do.fr\/wp-content\/uploads\/2023\/03\/relooking-bufffet-sapin-avant-1-scaled.jpg 2560w, https:\/\/atelier-louis-do.fr\/wp-content\/uploads\/2023\/03\/relooking-bufffet-sapin-avant-1-300x225.jpg 300w, https:\/\/atelier-louis-do.fr\/wp-content\/uploads\/2023\/03\/relooking-bufffet-sapin-avant-1-1024x768.jpg 1024w, https:\/\/atelier-louis-do.fr\/wp-content\/uploads\/2023\/03\/relooking-bufffet-sapin-avant-1-768x576.jpg 768w, https:\/\/atelier-louis-do.fr\/wp-content\/uploads\/2023\/03\/relooking-bufffet-sapin-avant-1-1536x1152.jpg 1536w, https:\/\/atelier-louis-do.fr\/wp-content\/uploads\/2023\/03\/relooking-bufffet-sapin-avant-1-2048x1536.jpg 2048w\" sizes=\"auto, (max-width: 767px) 89vw, (max-width: 1000px) 54vw, (max-width: 1071px) 543px, 580px\" \/><figcaption class=\"wp-element-caption\">avant a\u00e9rogommage<\/figcaption><\/figure>\n\n\n\n<figure class=\"wp-block-image size-full\"><img loading=\"lazy\" decoding=\"async\" width=\"1224\" height=\"1632\" data-id=\"251\" src=\"http:\/\/atelier-louis-do.fr\/atelierlhradmin\/wp-content\/uploads\/2023\/03\/relooking-buffet-blanchi.jpg\" alt=\"\" class=\"wp-image-251\" srcset=\"https:\/\/atelier-louis-do.fr\/wp-content\/uploads\/2023\/03\/relooking-buffet-blanchi.jpg 1224w, https:\/\/atelier-louis-do.fr\/wp-content\/uploads\/2023\/03\/relooking-buffet-blanchi-225x300.jpg 225w, https:\/\/atelier-louis-do.fr\/wp-content\/uploads\/2023\/03\/relooking-buffet-blanchi-768x1024.jpg 768w, https:\/\/atelier-louis-do.fr\/wp-content\/uploads\/2023\/03\/relooking-buffet-blanchi-1152x1536.jpg 1152w\" sizes=\"auto, (max-width: 767px) 89vw, (max-width: 1000px) 54vw, (max-width: 1071px) 543px, 580px\" \/><\/figure>\n<\/figure>\n\n\n\n<figure class=\"wp-block-gallery has-nested-images columns-default is-cropped wp-block-gallery-2 is-layout-flex wp-block-gallery-is-layout-flex\">\n<figure class=\"wp-block-image size-large\"><img loading=\"lazy\" decoding=\"async\" width=\"768\" height=\"1024\" data-id=\"245\" src=\"http:\/\/atelier-louis-do.fr\/atelierlhradmin\/wp-content\/uploads\/2023\/03\/eclaircissement-armoire-768x1024.jpg\" alt=\"\" class=\"wp-image-245\" srcset=\"https:\/\/atelier-louis-do.fr\/wp-content\/uploads\/2023\/03\/eclaircissement-armoire-768x1024.jpg 768w, https:\/\/atelier-louis-do.fr\/wp-content\/uploads\/2023\/03\/eclaircissement-armoire-225x300.jpg 225w, https:\/\/atelier-louis-do.fr\/wp-content\/uploads\/2023\/03\/eclaircissement-armoire-1152x1536.jpg 1152w, https:\/\/atelier-louis-do.fr\/wp-content\/uploads\/2023\/03\/eclaircissement-armoire-1536x2048.jpg 1536w, https:\/\/atelier-louis-do.fr\/wp-content\/uploads\/2023\/03\/eclaircissement-armoire-scaled.jpg 1920w\" sizes=\"auto, (max-width: 767px) 89vw, (max-width: 1000px) 54vw, (max-width: 1071px) 543px, 580px\" \/><\/figure>\n<\/figure>\n\n\n\n<figure class=\"wp-block-gallery has-nested-images columns-default is-cropped wp-block-gallery-3 is-layout-flex wp-block-gallery-is-layout-flex\">\n<figure class=\"wp-block-image size-large\"><img loading=\"lazy\" decoding=\"async\" width=\"1024\" height=\"768\" data-id=\"253\" src=\"http:\/\/atelier-louis-do.fr\/atelierlhradmin\/wp-content\/uploads\/2023\/03\/coffre-apres-gommage-1-1024x768.jpg\" alt=\"\" class=\"wp-image-253\" srcset=\"https:\/\/atelier-louis-do.fr\/wp-content\/uploads\/2023\/03\/coffre-apres-gommage-1-1024x768.jpg 1024w, https:\/\/atelier-louis-do.fr\/wp-content\/uploads\/2023\/03\/coffre-apres-gommage-1-300x225.jpg 300w, https:\/\/atelier-louis-do.fr\/wp-content\/uploads\/2023\/03\/coffre-apres-gommage-1-768x576.jpg 768w, https:\/\/atelier-louis-do.fr\/wp-content\/uploads\/2023\/03\/coffre-apres-gommage-1-1536x1152.jpg 1536w, https:\/\/atelier-louis-do.fr\/wp-content\/uploads\/2023\/03\/coffre-apres-gommage-1-2048x1536.jpg 2048w\" sizes=\"auto, (max-width: 767px) 89vw, (max-width: 1000px) 54vw, (max-width: 1071px) 543px, 580px\" \/><\/figure>\n<\/figure>\n\n\n\n<figure class=\"wp-block-gallery has-nested-images columns-default is-cropped wp-block-gallery-4 is-layout-flex wp-block-gallery-is-layout-flex\">\n<figure class=\"wp-block-image size-large\"><img loading=\"lazy\" decoding=\"async\" width=\"1024\" height=\"768\" data-id=\"254\" src=\"http:\/\/atelier-louis-do.fr\/atelierlhradmin\/wp-content\/uploads\/2023\/03\/eclaircissement-meuble-de-toilette-1024x768.jpg\" alt=\"\" class=\"wp-image-254\" srcset=\"https:\/\/atelier-louis-do.fr\/wp-content\/uploads\/2023\/03\/eclaircissement-meuble-de-toilette-1024x768.jpg 1024w, https:\/\/atelier-louis-do.fr\/wp-content\/uploads\/2023\/03\/eclaircissement-meuble-de-toilette-300x225.jpg 300w, https:\/\/atelier-louis-do.fr\/wp-content\/uploads\/2023\/03\/eclaircissement-meuble-de-toilette-768x576.jpg 768w, https:\/\/atelier-louis-do.fr\/wp-content\/uploads\/2023\/03\/eclaircissement-meuble-de-toilette-1536x1152.jpg 1536w, https:\/\/atelier-louis-do.fr\/wp-content\/uploads\/2023\/03\/eclaircissement-meuble-de-toilette-2048x1536.jpg 2048w\" sizes=\"auto, (max-width: 767px) 89vw, (max-width: 1000px) 54vw, (max-width: 1071px) 543px, 580px\" \/><\/figure>\n<\/figure>\n\n\n\n<h2 class=\"has-text-align-center wp-block-heading\">D\u00e9capage par a\u00e9rogommage et reprise des finitions<\/h2>\n\n\n\n<figure class=\"wp-block-image size-full\"><img loading=\"lazy\" decoding=\"async\" width=\"768\" height=\"1024\" src=\"http:\/\/atelier-louis-do.fr\/atelierlhradmin\/wp-content\/uploads\/2023\/03\/IMG_4528-768x1024-1.jpg\" alt=\"\" class=\"wp-image-334\" srcset=\"https:\/\/atelier-louis-do.fr\/wp-content\/uploads\/2023\/03\/IMG_4528-768x1024-1.jpg 768w, https:\/\/atelier-louis-do.fr\/wp-content\/uploads\/2023\/03\/IMG_4528-768x1024-1-225x300.jpg 225w\" sizes=\"auto, (max-width: 767px) 89vw, (max-width: 1000px) 54vw, (max-width: 1071px) 543px, 580px\" \/><\/figure>\n","protected":false},"excerpt":{"rendered":"<p>L\u2019Atelier Louis d&rsquo;O a su d\u00e9velopper au fil des ann\u00e9es une r\u00e9elle expertise en finitions des surfaces. Nous sommes \u00e0 m\u00eame de vous proposer&nbsp;: &#8211; des recherches de teintes et prototypages&#8211; des vernis traditionnels pour du mobilier de style selon les techniques s\u00e9culaires (gomme laque base du vernis au tampon),&#8211; des vernis appropri\u00e9s aux usages &hellip; <\/p>\n<p class=\"link-more\"><a href=\"https:\/\/atelier-louis-do.fr\/index.php\/finition-aerogommage\/\" class=\"more-link\">Continuer la lecture<span class=\"screen-reader-text\"> de &laquo;&nbsp;Finition\/A\u00e9rogommage&nbsp;&raquo;<\/span><\/a><\/p>\n","protected":false},"author":1,"featured_media":331,"parent":0,"menu_order":0,"comment_status":"closed","ping_status":"closed","template":"","meta":{"footnotes":""},"class_list":["post-76","page","type-page","status-publish","has-post-thumbnail","hentry"],"_links":{"self":[{"href":"https:\/\/atelier-louis-do.fr\/index.php\/wp-json\/wp\/v2\/pages\/76","targetHints":{"allow":["GET"]}}],"collection":[{"href":"https:\/\/atelier-louis-do.fr\/index.php\/wp-json\/wp\/v2\/pages"}],"about":[{"href":"https:\/\/atelier-louis-do.fr\/index.php\/wp-json\/wp\/v2\/types\/page"}],"author":[{"embeddable":true,"href":"https:\/\/atelier-louis-do.fr\/index.php\/wp-json\/wp\/v2\/users\/1"}],"replies":[{"embeddable":true,"href":"https:\/\/atelier-louis-do.fr\/index.php\/wp-json\/wp\/v2\/comments?post=76"}],"version-history":[{"count":14,"href":"https:\/\/atelier-louis-do.fr\/index.php\/wp-json\/wp\/v2\/pages\/76\/revisions"}],"predecessor-version":[{"id":386,"href":"https:\/\/atelier-louis-do.fr\/index.php\/wp-json\/wp\/v2\/pages\/76\/revisions\/386"}],"wp:featuredmedia":[{"embeddable":true,"href":"https:\/\/atelier-louis-do.fr\/index.php\/wp-json\/wp\/v2\/media\/331"}],"wp:attachment":[{"href":"https:\/\/atelier-louis-do.fr\/index.php\/wp-json\/wp\/v2\/media?parent=76"}],"curies":[{"name":"wp","href":"https:\/\/api.w.org\/{rel}","templated":true}]}}